{"id":9,"date":"2018-06-14T07:44:40","date_gmt":"2018-06-14T05:44:40","guid":{"rendered":"https:\/\/attentionmedia.se\/demo\/webshop\/soartzy\/?page_id=9"},"modified":"2018-07-25T10:47:05","modified_gmt":"2018-07-25T08:47:05","slug":"hem","status":"publish","type":"page","link":"https:\/\/attentionmedia.se\/demo\/webshop\/soartzy\/","title":{"rendered":"Hem"},"content":{"rendered":"<p>[et_pb_section bb_built=&#8221;1&#8243; _builder_version=&#8221;3.10.1&#8243; custom_padding=&#8221;0|0px|54px|0px|false|false&#8221; next_background_color=&#8221;#000000&#8243;][et_pb_row use_custom_width=&#8221;on&#8221; width_unit=&#8221;off&#8221; custom_width_percent=&#8221;95%&#8221; custom_padding=&#8221;0|0px|29px|0px|false|false&#8221; disabled_on=&#8221;off|off|off&#8221; _builder_version=&#8221;3.10.1&#8243;][et_pb_column type=&#8221;4_4&#8243;][et_pb_slider disabled_on=&#8221;off|off|off&#8221; module_class=&#8221;first_slider&#8221; _builder_version=&#8221;3.10.1&#8243; header_level=&#8221;h5&#8243; header_font=&#8221;|700||on|||||&#8221; header_font_size=&#8221;18px&#8221; header_letter_spacing=&#8221;1px&#8221; body_font=&#8221;|700||on|||||&#8221; body_font_size=&#8221;40px&#8221; body_letter_spacing=&#8221;3px&#8221; custom_button=&#8221;on&#8221; button_letter_spacing=&#8221;3px&#8221; button_font=&#8221;|700||on|||||&#8221; button_use_icon=&#8221;off&#8221;][et_pb_slide heading=&#8221;Vi \u00e4lskar tavlor&#8221; button_text=&#8221;Shoppa nu&#8221; _builder_version=&#8221;3.9&#8243; background_image=&#8221;https:\/\/attentionmedia.se\/demo\/webshop\/soartzy\/wp-content\/uploads\/2018\/06\/2.jpg&#8221;]<\/p>\n<p>Skapa din personliga tavelv\u00e4gg<\/p>\n<p>[\/et_pb_slide][\/et_pb_slider][et_pb_button button_text=&#8221;Se alla tavlor&#8221; button_alignment=&#8221;center&#8221; _builder_version=&#8221;3.6&#8243; custom_button=&#8221;on&#8221; button_text_color=&#8221;#000000&#8243; button_bg_color=&#8221;#ffffff&#8221; button_border_width=&#8221;3px&#8221; button_border_color=&#8221;#999999&#8243; button_border_radius=&#8221;3px&#8221; button_font=&#8221;|||on|||||&#8221; button_use_icon=&#8221;off&#8221; background_layout=&#8221;dark&#8221; \/][\/et_pb_column][\/et_pb_row][et_pb_row use_custom_gutter=&#8221;on&#8221; gutter_width=&#8221;2&#8243; make_equal=&#8221;on&#8221; _builder_version=&#8221;3.6&#8243;][et_pb_column type=&#8221;1_2&#8243;][et_pb_image src=&#8221;https:\/\/attentionmedia.se\/demo\/webshop\/soartzy\/wp-content\/uploads\/2018\/07\/soart11.jpg&#8221; _builder_version=&#8221;3.10.1&#8243; \/][et_pb_button button_text=&#8221;Nyheter&#8221; button_alignment=&#8221;center&#8221; module_class=&#8221;button_over_image&#8221; _builder_version=&#8221;3.6&#8243; background_layout=&#8221;dark&#8221; \/][\/et_pb_column][et_pb_column type=&#8221;1_2&#8243;][et_pb_image src=&#8221;https:\/\/attentionmedia.se\/demo\/webshop\/soartzy\/wp-content\/uploads\/2018\/07\/soart12.jpg&#8221; _builder_version=&#8221;3.10.1&#8243; \/][et_pb_button button_text=&#8221;Topplistan&#8221; button_alignment=&#8221;center&#8221; module_class=&#8221;button_over_image&#8221; _builder_version=&#8221;3.6&#8243; background_layout=&#8221;dark&#8221; \/][\/et_pb_column][\/et_pb_row][et_pb_row _builder_version=&#8221;3.10.1&#8243;][et_pb_column type=&#8221;4_4&#8243;][et_pb_button button_text=&#8221;Se alla tavlor&#8221; button_alignment=&#8221;center&#8221; _builder_version=&#8221;3.6&#8243; custom_button=&#8221;on&#8221; button_text_color=&#8221;#000000&#8243; button_bg_color=&#8221;#ffffff&#8221; button_border_width=&#8221;3px&#8221; button_border_color=&#8221;#999999&#8243; button_border_radius=&#8221;3px&#8221; button_font=&#8221;|||on|||||&#8221; button_use_icon=&#8221;off&#8221; background_layout=&#8221;dark&#8221; \/][\/et_pb_column][\/et_pb_row][et_pb_row use_custom_width=&#8221;on&#8221; width_unit=&#8221;off&#8221; custom_width_percent=&#8221;95%&#8221; _builder_version=&#8221;3.10.1&#8243;][et_pb_column type=&#8221;4_4&#8243;][et_pb_slider _builder_version=&#8221;3.9&#8243; header_level=&#8221;h5&#8243; header_font=&#8221;|700||on|on||||&#8221; header_font_size=&#8221;18px&#8221; header_letter_spacing=&#8221;1px&#8221; body_font=&#8221;|700||on|||||&#8221; body_font_size=&#8221;40px&#8221; body_letter_spacing=&#8221;3px&#8221; custom_button=&#8221;on&#8221; button_letter_spacing=&#8221;3px&#8221; button_font=&#8221;|700||on|||||&#8221; button_use_icon=&#8221;off&#8221;][et_pb_slide heading=&#8221;Tema&#8221; button_text=&#8221;Se alla motiv&#8221; _builder_version=&#8221;3.9&#8243; body_font=&#8221;|700||on|||||&#8221; body_line_height=&#8221;1.1em&#8221; background_image=&#8221;https:\/\/attentionmedia.se\/demo\/webshop\/soartzy\/wp-content\/uploads\/2018\/06\/kaboompics_Old-postcards-with-wheat.jpg&#8221;]Press Pix[\/et_pb_slide][\/et_pb_slider][et_pb_button button_text=&#8221;Se alla tavlor&#8221; button_alignment=&#8221;center&#8221; _builder_version=&#8221;3.6&#8243; custom_button=&#8221;on&#8221; button_text_color=&#8221;#000000&#8243; button_bg_color=&#8221;#ffffff&#8221; button_border_width=&#8221;3px&#8221; button_border_color=&#8221;#999999&#8243; button_border_radius=&#8221;3px&#8221; button_font=&#8221;|||on|||||&#8221; button_use_icon=&#8221;off&#8221; background_layout=&#8221;dark&#8221; \/][\/et_pb_column][\/et_pb_row][et_pb_row use_custom_gutter=&#8221;on&#8221; gutter_width=&#8221;2&#8243; make_equal=&#8221;on&#8221; _builder_version=&#8221;3.6&#8243;][et_pb_column type=&#8221;1_2&#8243;][et_pb_image src=&#8221;https:\/\/attentionmedia.se\/demo\/webshop\/soartzy\/wp-content\/uploads\/2018\/07\/col-50-kartor-stader.jpg&#8221; _builder_version=&#8221;3.6&#8243; \/][et_pb_button button_text=&#8221;Kartor &#038; St\u00e4der&#8221; button_alignment=&#8221;center&#8221; module_class=&#8221;button_over_image&#8221; _builder_version=&#8221;3.6&#8243; background_layout=&#8221;dark&#8221; custom_css_main_element=&#8221;width: 280px !important;&#8221; \/][\/et_pb_column][et_pb_column type=&#8221;1_2&#8243;][et_pb_image src=&#8221;https:\/\/attentionmedia.se\/demo\/webshop\/soartzy\/wp-content\/uploads\/2018\/07\/tema-pp-design.jpg&#8221; _builder_version=&#8221;3.6&#8243; \/][et_pb_button button_text=&#8221;P&#038;P Design&#8221; button_alignment=&#8221;center&#8221; module_class=&#8221;button_over_image&#8221; _builder_version=&#8221;3.6&#8243; background_layout=&#8221;dark&#8221; \/][\/et_pb_column][\/et_pb_row][et_pb_row _builder_version=&#8221;3.10.1&#8243;][et_pb_column type=&#8221;4_4&#8243;][et_pb_button button_text=&#8221;Se alla tavlor&#8221; button_alignment=&#8221;center&#8221; _builder_version=&#8221;3.6&#8243; custom_button=&#8221;on&#8221; button_text_color=&#8221;#000000&#8243; button_bg_color=&#8221;#ffffff&#8221; button_border_width=&#8221;3px&#8221; button_border_color=&#8221;#999999&#8243; button_border_radius=&#8221;3px&#8221; button_font=&#8221;|||on|||||&#8221; button_use_icon=&#8221;off&#8221; background_layout=&#8221;dark&#8221; \/][\/et_pb_column][\/et_pb_row][et_pb_row use_custom_width=&#8221;on&#8221; width_unit=&#8221;off&#8221; custom_width_percent=&#8221;95%&#8221; _builder_version=&#8221;3.10.1&#8243;][et_pb_column type=&#8221;4_4&#8243;][et_pb_slider _builder_version=&#8221;3.10.1&#8243; header_level=&#8221;h5&#8243; header_font=&#8221;|700||on|on||||&#8221; header_font_size=&#8221;18px&#8221; header_letter_spacing=&#8221;1px&#8221; body_font=&#8221;|700||on|||||&#8221; body_font_size=&#8221;40px&#8221; body_letter_spacing=&#8221;3px&#8221; custom_button=&#8221;on&#8221; button_letter_spacing=&#8221;3px&#8221; button_font=&#8221;|700||on|||||&#8221; button_use_icon=&#8221;off&#8221;][et_pb_slide heading=&#8221;Tema&#8221; button_text=&#8221;Shoppa nu&#8221; _builder_version=&#8221;3.10.1&#8243; background_image=&#8221;https:\/\/attentionmedia.se\/demo\/webshop\/soartzy\/wp-content\/uploads\/2018\/07\/so-artzy-tema-maps_o.jpg&#8221; background_size=&#8221;initial&#8221;]Rustic Maps &#038; Charts[\/et_pb_slide][\/et_pb_slider][et_pb_button button_text=&#8221;Se alla tavlor&#8221; button_alignment=&#8221;center&#8221; _builder_version=&#8221;3.6&#8243; custom_button=&#8221;on&#8221; button_text_color=&#8221;#000000&#8243; button_bg_color=&#8221;#ffffff&#8221; button_border_width=&#8221;3px&#8221; button_border_color=&#8221;#999999&#8243; button_border_radius=&#8221;3px&#8221; button_font=&#8221;|||on|||||&#8221; button_use_icon=&#8221;off&#8221; background_layout=&#8221;dark&#8221; \/][\/et_pb_column][\/et_pb_row][et_pb_row use_custom_gutter=&#8221;on&#8221; gutter_width=&#8221;2&#8243; make_equal=&#8221;on&#8221; _builder_version=&#8221;3.6&#8243;][et_pb_column type=&#8221;1_2&#8243;][et_pb_image src=&#8221;https:\/\/attentionmedia.se\/demo\/webshop\/soartzy\/wp-content\/uploads\/2018\/07\/kaboompics_Contemporary-black-and-white-home-decor.jpg&#8221; _builder_version=&#8221;3.9&#8243; \/][et_pb_button button_text=&#8221;K\u00f6kstavlor&#8221; button_alignment=&#8221;center&#8221; module_class=&#8221;button_over_image&#8221; _builder_version=&#8221;3.6&#8243; background_layout=&#8221;dark&#8221; \/][\/et_pb_column][et_pb_column type=&#8221;1_2&#8243;][et_pb_image src=&#8221;https:\/\/attentionmedia.se\/demo\/webshop\/soartzy\/wp-content\/uploads\/2018\/07\/kaboompics_Living-Room-With-Scandi-Interior-Design-Uncommon-Marble-Table-1.jpg&#8221; _builder_version=&#8221;3.9&#8243; \/][et_pb_button button_text=&#8221;Natur&#8221; button_alignment=&#8221;center&#8221; module_class=&#8221;button_over_image&#8221; _builder_version=&#8221;3.6&#8243; background_layout=&#8221;dark&#8221; \/][\/et_pb_column][\/et_pb_row][et_pb_row _builder_version=&#8221;3.10.1&#8243;][et_pb_column type=&#8221;4_4&#8243;][et_pb_button button_text=&#8221;Se alla tavlor&#8221; button_alignment=&#8221;center&#8221; _builder_version=&#8221;3.6&#8243; custom_button=&#8221;on&#8221; button_text_color=&#8221;#000000&#8243; button_bg_color=&#8221;#ffffff&#8221; button_border_width=&#8221;3px&#8221; button_border_color=&#8221;#999999&#8243; button_border_radius=&#8221;3px&#8221; button_font=&#8221;|||on|||||&#8221; button_use_icon=&#8221;off&#8221; background_layout=&#8221;dark&#8221; \/][\/et_pb_column][\/et_pb_row][et_pb_row use_custom_width=&#8221;on&#8221; width_unit=&#8221;off&#8221; custom_width_percent=&#8221;95%&#8221; _builder_version=&#8221;3.10.1&#8243;][et_pb_column type=&#8221;4_4&#8243;][et_pb_slider _builder_version=&#8221;3.10.1&#8243; header_level=&#8221;h5&#8243; header_font=&#8221;|700||on|on||||&#8221; header_font_size=&#8221;18px&#8221; header_letter_spacing=&#8221;1px&#8221; body_font=&#8221;|700||on|||||&#8221; body_font_size=&#8221;40px&#8221; body_letter_spacing=&#8221;3px&#8221; custom_button=&#8221;on&#8221; button_letter_spacing=&#8221;3px&#8221; button_font=&#8221;|700||on|||||&#8221; button_use_icon=&#8221;off&#8221;][et_pb_slide heading=&#8221;Tema&#8221; button_text=&#8221;Shoppa nu&#8221; _builder_version=&#8221;3.10.1&#8243; background_image=&#8221;https:\/\/attentionmedia.se\/demo\/webshop\/soartzy\/wp-content\/uploads\/2018\/06\/052218_rhhp_Heston_slide01.jpeg&#8221;]Patent Prints[\/et_pb_slide][\/et_pb_slider][et_pb_button button_text=&#8221;Se alla tavlor&#8221; button_alignment=&#8221;center&#8221; _builder_version=&#8221;3.6&#8243; custom_button=&#8221;on&#8221; button_text_color=&#8221;#000000&#8243; button_bg_color=&#8221;#ffffff&#8221; button_border_width=&#8221;3px&#8221; button_border_color=&#8221;#999999&#8243; button_border_radius=&#8221;3px&#8221; button_font=&#8221;|||on|||||&#8221; button_use_icon=&#8221;off&#8221; background_layout=&#8221;dark&#8221; \/][\/et_pb_column][\/et_pb_row][et_pb_row use_custom_gutter=&#8221;on&#8221; gutter_width=&#8221;2&#8243; make_equal=&#8221;on&#8221; _builder_version=&#8221;3.6&#8243;][et_pb_column type=&#8221;1_2&#8243;][et_pb_image src=&#8221;https:\/\/attentionmedia.se\/demo\/webshop\/soartzy\/wp-content\/uploads\/2018\/07\/col-50-kokstavlor.jpg&#8221; _builder_version=&#8221;3.6&#8243; \/][et_pb_button button_text=&#8221;K\u00f6kstavlor&#8221; button_alignment=&#8221;center&#8221; module_class=&#8221;button_over_image&#8221; _builder_version=&#8221;3.6&#8243; background_layout=&#8221;dark&#8221; \/][\/et_pb_column][et_pb_column type=&#8221;1_2&#8243;][et_pb_image src=&#8221;https:\/\/attentionmedia.se\/demo\/webshop\/soartzy\/wp-content\/uploads\/2018\/07\/col-50-natur.jpg&#8221; _builder_version=&#8221;3.6&#8243; \/][et_pb_button button_text=&#8221;Natur&#8221; button_alignment=&#8221;center&#8221; module_class=&#8221;button_over_image&#8221; _builder_version=&#8221;3.6&#8243; background_layout=&#8221;dark&#8221; \/][\/et_pb_column][\/et_pb_row][et_pb_row _builder_version=&#8221;3.10.1&#8243;][et_pb_column type=&#8221;4_4&#8243;][et_pb_button button_text=&#8221;Se alla tavlor&#8221; button_alignment=&#8221;center&#8221; _builder_version=&#8221;3.6&#8243; custom_button=&#8221;on&#8221; button_text_color=&#8221;#000000&#8243; button_bg_color=&#8221;#ffffff&#8221; button_border_width=&#8221;3px&#8221; button_border_color=&#8221;#999999&#8243; button_border_radius=&#8221;3px&#8221; button_font=&#8221;|||on|||||&#8221; button_use_icon=&#8221;off&#8221; background_layout=&#8221;dark&#8221; \/][\/et_pb_column][\/et_pb_row][et_pb_row use_custom_width=&#8221;on&#8221; width_unit=&#8221;off&#8221; custom_width_percent=&#8221;95%&#8221; _builder_version=&#8221;3.10.1&#8243;][et_pb_column type=&#8221;4_4&#8243;][et_pb_slider _builder_version=&#8221;3.9&#8243; header_level=&#8221;h5&#8243; header_font=&#8221;|700||on|on||||&#8221; header_font_size=&#8221;18px&#8221; header_letter_spacing=&#8221;1px&#8221; body_font=&#8221;|700||on|||||&#8221; body_font_size=&#8221;40px&#8221; body_letter_spacing=&#8221;3px&#8221; custom_button=&#8221;on&#8221; button_letter_spacing=&#8221;3px&#8221; button_font=&#8221;|700||on|||||&#8221; button_use_icon=&#8221;off&#8221;][et_pb_slide heading=&#8221;Tema&#8221; button_text=&#8221;Shoppa nu&#8221; _builder_version=&#8221;3.9&#8243; background_image=&#8221;https:\/\/attentionmedia.se\/demo\/webshop\/soartzy\/wp-content\/uploads\/2018\/07\/tema-hejhej.jpg&#8221;]Panoramic Pix[\/et_pb_slide][\/et_pb_slider][et_pb_button button_text=&#8221;Se alla tavlor&#8221; button_alignment=&#8221;center&#8221; _builder_version=&#8221;3.6&#8243; custom_button=&#8221;on&#8221; button_text_color=&#8221;#000000&#8243; button_bg_color=&#8221;#ffffff&#8221; button_border_width=&#8221;3px&#8221; button_border_color=&#8221;#999999&#8243; button_border_radius=&#8221;3px&#8221; button_font=&#8221;|||on|||||&#8221; button_use_icon=&#8221;off&#8221; background_layout=&#8221;dark&#8221; \/][\/et_pb_column][\/et_pb_row][et_pb_row custom_padding=&#8221;60px|0px|29px|0px|false|false&#8221; custom_margin=&#8221;-30px|||&#8221; _builder_version=&#8221;3.6&#8243; module_alignment=&#8221;center&#8221;][et_pb_column type=&#8221;4_4&#8243;][et_pb_text _builder_version=&#8221;3.10.1&#8243; header_2_font=&#8221;|700|||||||&#8221; header_2_font_size=&#8221;34px&#8221; text_orientation=&#8221;center&#8221; border_width_top=&#8221;1px&#8221; border_color_top=&#8221;#cccccc&#8221; border_width_bottom=&#8221;1px&#8221; border_color_bottom=&#8221;#cccccc&#8221; custom_padding=&#8221;15px||15px|&#8221;]<\/p>\n<h2>Utvalda favoriter<\/h2>\n<p>[\/et_pb_text][et_pb_shop posts_number=&#8221;6&#8243; columns_number=&#8221;6&#8243; _builder_version=&#8221;3.10.1&#8243; type=&#8221;featured&#8221; \/][et_pb_button button_text=&#8221;Se fler favoriter&#8221; button_alignment=&#8221;center&#8221; _builder_version=&#8221;3.10.1&#8243; custom_button=&#8221;on&#8221; button_text_color=&#8221;#000000&#8243; button_bg_color=&#8221;#ffffff&#8221; button_border_width=&#8221;3px&#8221; button_border_color=&#8221;#999999&#8243; button_border_radius=&#8221;3px&#8221; button_font=&#8221;|||on|||||&#8221; button_use_icon=&#8221;off&#8221; background_layout=&#8221;dark&#8221; \/][\/et_pb_column][\/et_pb_row][\/et_pb_section][et_pb_section bb_built=&#8221;1&#8243; _builder_version=&#8221;3.6&#8243; prev_background_color=&#8221;#000000&#8243;][et_pb_row _builder_version=&#8221;3.6&#8243;][et_pb_column type=&#8221;4_4&#8243;][et_pb_text _builder_version=&#8221;3.6&#8243; text_font=&#8221;||||||||&#8221; text_orientation=&#8221;center&#8221;]<\/p>\n<h2>Tavlor online hos SoArtzy<\/h2>\n<p>[\/et_pb_text][\/et_pb_column][\/et_pb_row][et_pb_row _builder_version=&#8221;3.6&#8243;][et_pb_column type=&#8221;1_2&#8243;][et_pb_text _builder_version=&#8221;3.6&#8243;]<\/p>\n<p><b>Snygga tavlor och affischer f\u00f6r alla rum<\/b><\/p>\n<p>Hos oss p\u00e5 Poster Store kan du k\u00f6pa tavlor p\u00e5 n\u00e4tet. V\u00e5r kollektion \u00e4r fylld till bredden med konst med allt fr\u00e5n kartor av Stockholm och New York till mode prints och fototavlor. V\u00e5ra vackra tavlor \u00e4r inspirerade av skandinavisk design, men passar bra till m\u00e5nga olika hem och stilar av inredning. V\u00e4lj mellan fashion posters, natur affischer, k\u00f6kstavlor, modern konst, grafiska posters, art prints, fotokonst och mycket mer. Ordet tavla kommer fr\u00e5n latinets tabula och betyder i modernt spr\u00e5kbruk en bild med ram som h\u00e4ngs upp p\u00e5 v\u00e4ggen.<\/p>\n<p><b>Rama in dina posters och skapa tavlor<\/b><\/p>\n<p>Genom att rama in dina affischer kan du skapa fina tavlor. Matcha v\u00e5ra prints och tavelramar med varandra och skapa snygg v\u00e4ggkonst till ditt hem. Vi erbjuder b\u00e5de stora och sm\u00e5 tavlor online i m\u00e5nga stils\u00e4kra utf\u00f6randen. Vi har f\u00e4rgglada affischer, svartvita posters, ramar i guld, tavelramar i tr\u00e4 och mycket mer. Fr\u00e4scha upp dina v\u00e4ggar och h\u00e4ng upp en v\u00e4rldskarta tavla eller varf\u00f6r inte en plansch med motiv av en tiger i tr\u00e4ram? Hos oss hittar du billiga tavlor av h\u00f6gsta kvalit\u00e9 som s\u00e4tter pricken \u00f6ver i:et f\u00f6r inredningen.<br \/>\nUppt\u00e4ck v\u00e5ra stilrena ramar<\/p>\n<p>[\/et_pb_text][\/et_pb_column][et_pb_column type=&#8221;1_2&#8243;][et_pb_text _builder_version=&#8221;3.6&#8243;]<\/p>\n<p><b>Uppt\u00e4ck v\u00e5ra stilrena ramar<\/b><\/p>\n<p>S\u00f6ker du tavelramar online? D\u00e5 har du hittat r\u00e4tt! Vi har ett brett sortiment av stora och sm\u00e5 ramar som \u00e4r framtagna specifikt f\u00f6r posters. Vi har tr\u00e4ramar i svart, vitt och ek &#8211; som b\u00e5de \u00e4r och k\u00e4nns genuina &#8211; och guldramar som verkligen gl\u00e4nser. Det g\u00e5r att h\u00e4nga upp tavlorna b\u00e5de vertikalt och horisontellt p\u00e5 v\u00e4ggen. Alla v\u00e5ra fotoramar uppn\u00e5r h\u00f6ga kvalitetskrav och de \u00e4r l\u00e4tta att \u00f6ppna upp p\u00e5 baksidan. Du kan lita p\u00e5 att vi har tavlor f\u00f6r hemmets alla rum; vardagsrummet, barnrummet, hallen, sovrummet och k\u00f6ket.<\/p>\n<p><b>Tavlor i olika storlekar f\u00f6r tavelv\u00e4ggen<\/b><\/p>\n<p>Ett inredningstips \u00e4r att kombinera sm\u00e5 och stora tavlor med varandra och skapa en tavelv\u00e4gg eller ett arrangemang p\u00e5 en tavellist. Vi erbjuder tavlor i formaten A4 (21&#215;29,7 cm), 30&#215;40 cm, 50&#215;70 cm och 70&#215;100 cm. Vi har tagit fram en guide d\u00e4r vi samlat v\u00e5ra b\u00e4sta tips f\u00f6r hur du skapar ett snyggt tavelcollage och vi har \u00e4ven tagit fram mallar f\u00f6r snygga tavelv\u00e4ggar. P\u00e5 v\u00e5r inspirationssida visar vi \u00e4ven hur v\u00e5ra tavlor ser ut hemma hos v\u00e5ra kunder, i deras inredning. Kolla \u00e4ven in v\u00e5ra b\u00e4st\u00e4ljande planscher och nya prints.<\/p>\n<p>[\/et_pb_text][\/et_pb_column][\/et_pb_row][\/et_pb_section]<\/p>\n","protected":false},"excerpt":{"rendered":"<p>[et_pb_section bb_built=&#8221;1&#8243; _builder_version=&#8221;3.10.1&#8243; custom_padding=&#8221;0|0px|54px|0px|false|false&#8221; next_background_color=&#8221;#000000&#8243;][et_pb_row use_custom_width=&#8221;on&#8221; width_unit=&#8221;off&#8221; custom_width_percent=&#8221;95%&#8221; custom_padding=&#8221;0|0px|29px|0px|false|false&#8221; disabled_on=&#8221;off|off|off&#8221; _builder_version=&#8221;3.10.1&#8243;][et_pb_column type=&#8221;4_4&#8243;][et_pb_slider disabled_on=&#8221;off|off|off&#8221; module_class=&#8221;first_slider&#8221; _builder_version=&#8221;3.10.1&#8243; header_level=&#8221;h5&#8243; header_font=&#8221;|700||on|||||&#8221; header_font_size=&#8221;18px&#8221; header_letter_spacing=&#8221;1px&#8221; body_font=&#8221;|700||on|||||&#8221; body_font_size=&#8221;40px&#8221; body_letter_spacing=&#8221;3px&#8221; custom_button=&#8221;on&#8221; button_letter_spacing=&#8221;3px&#8221; button_font=&#8221;|700||on|||||&#8221; button_use_icon=&#8221;off&#8221;][et_pb_slide heading=&#8221;Vi \u00e4lskar tavlor&#8221; button_text=&#8221;Shoppa nu&#8221; _builder_version=&#8221;3.9&#8243; background_image=&#8221;https:\/\/attentionmedia.se\/demo\/webshop\/soartzy\/wp-content\/uploads\/2018\/06\/2.jpg&#8221;] Skapa din personliga tavelv\u00e4gg [\/et_pb_slide][\/et_pb_slider][et_pb_button button_text=&#8221;Se alla tavlor&#8221; button_alignment=&#8221;center&#8221; _builder_version=&#8221;3.6&#8243; custom_button=&#8221;on&#8221; button_text_color=&#8221;#000000&#8243; button_bg_color=&#8221;#ffffff&#8221; button_border_width=&#8221;3px&#8221; button_border_color=&#8221;#999999&#8243; button_border_radius=&#8221;3px&#8221; button_font=&#8221;|||on|||||&#8221; button_use_icon=&#8221;off&#8221; background_layout=&#8221;dark&#8221; \/][\/et_pb_column][\/et_pb_row][et_pb_row use_custom_gutter=&#8221;on&#8221; gutter_width=&#8221;2&#8243; [&hellip;]<\/p>\n","protected":false},"author":1,"featured_media":0,"parent":0,"menu_order":0,"comment_status":"closed","ping_status":"closed","template":"","meta":{"_et_pb_use_builder":"on","_et_pb_old_content":"","_et_gb_content_width":""},"_links":{"self":[{"href":"https:\/\/attentionmedia.se\/demo\/webshop\/soartzy\/wp-json\/wp\/v2\/pages\/9"}],"collection":[{"href":"https:\/\/attentionmedia.se\/demo\/webshop\/soartzy\/wp-json\/wp\/v2\/pages"}],"about":[{"href":"https:\/\/attentionmedia.se\/demo\/webshop\/soartzy\/wp-json\/wp\/v2\/types\/page"}],"author":[{"embeddable":true,"href":"https:\/\/attentionmedia.se\/demo\/webshop\/soartzy\/wp-json\/wp\/v2\/users\/1"}],"replies":[{"embeddable":true,"href":"https:\/\/attentionmedia.se\/demo\/webshop\/soartzy\/wp-json\/wp\/v2\/comments?post=9"}],"version-history":[{"count":107,"href":"https:\/\/attentionmedia.se\/demo\/webshop\/soartzy\/wp-json\/wp\/v2\/pages\/9\/revisions"}],"predecessor-version":[{"id":12509,"href":"https:\/\/attentionmedia.se\/demo\/webshop\/soartzy\/wp-json\/wp\/v2\/pages\/9\/revisions\/12509"}],"wp:attachment":[{"href":"https:\/\/attentionmedia.se\/demo\/webshop\/soartzy\/wp-json\/wp\/v2\/media?parent=9"}],"curies":[{"name":"wp","href":"https:\/\/api.w.org\/{rel}","templated":true}]}}