{"id":12169,"date":"2018-07-20T08:39:46","date_gmt":"2018-07-20T06:39:46","guid":{"rendered":"https:\/\/attentionmedia.se\/demo\/webshop\/soartzy\/?page_id=12169"},"modified":"2018-07-20T09:17:30","modified_gmt":"2018-07-20T07:17:30","slug":"kontakta-oss","status":"publish","type":"page","link":"https:\/\/attentionmedia.se\/demo\/webshop\/soartzy\/kontakta-oss\/","title":{"rendered":"Kontakta oss"},"content":{"rendered":"<p>[et_pb_section fb_built=&#8221;1&#8243; _builder_version=&#8221;3.0.47&#8243;][et_pb_row _builder_version=&#8221;3.0.48&#8243; background_size=&#8221;initial&#8221; background_position=&#8221;top_left&#8221; background_repeat=&#8221;repeat&#8221;][et_pb_column type=&#8221;1_6&#8243; _builder_version=&#8221;3.0.47&#8243; parallax=&#8221;off&#8221; parallax_method=&#8221;on&#8221;][\/et_pb_column][et_pb_column type=&#8221;2_3&#8243; _builder_version=&#8221;3.0.47&#8243; parallax=&#8221;off&#8221; parallax_method=&#8221;on&#8221;][et_pb_text _builder_version=&#8221;3.9&#8243;]<\/p>\n<h1>Kontakta oss<\/h1>\n<p>N\u00e4r du handlar hos oss p\u00e5 SoArtzy vill vi att du ska k\u00e4nna dig 100% n\u00f6jd. Om du har fr\u00e5gor som inte besvaras nedan \u00e4r du alltid v\u00e4lkommen att kontakta oss p\u00e5 <\/span><a href=\"mailto:info@soartzy.com\" target=\"_blank\" rel=\"noopener\">info@soartzy.com<\/a><span> s\u00e5 hj\u00e4lper vi dig med ditt \u00e4rende. Vi v\u00e4rderar v\u00e5ra kunder h\u00f6gst och vi brinner f\u00f6r bra kundservice, vi kommer att g\u00f6ra allt vi kan f\u00f6r att hj\u00e4lpa dig.[\/et_pb_text][et_pb_text _builder_version=&#8221;3.9&#8243; header_font=&#8221;||||||||&#8221; header_2_font=&#8221;||||||||&#8221; header_2_font_size=&#8221;22px&#8221; custom_margin=&#8221;||10px|&#8221;]<\/p>\n<h2>Vanliga fr\u00e5gor och svar<\/h2>\n<p>[\/et_pb_text][et_pb_toggle title=&#8221;G\u00e5r det att k\u00f6pa via faktura?&#8221; open_toggle_background_color=&#8221;rgba(0,0,0,0)&#8221; closed_toggle_text_color=&#8221;#888&#8243; closed_toggle_background_color=&#8221;rgba(0,0,0,0)&#8221; _builder_version=&#8221;3.9&#8243; title_level=&#8221;h4&#8243; title_font=&#8221;|700|||||||&#8221; title_font_size=&#8221;16px&#8221; body_font=&#8221;||||||||&#8221; border_radii=&#8221;on|3px|3px|3px|3px&#8221; border_color_all=&#8221;#eee&#8221; custom_margin=&#8221;||10px|&#8221;]Ja, det g\u00e5r utm\u00e4rkt. Vi erbjuder fakturabetalning och m\u00f6jlighet att betala efter att du f\u00e5tt hem dina varor. Fakturor ska betalas inom 14 dagar r\u00e4knat fr\u00e5n dag som best\u00e4llningen skickas fr\u00e5n v\u00e5rt lager. Fakturan dateras och skickas med epost och ska betalas via bankgiro. Vi tar ingen (0 kr) fakturaavgift.[\/et_pb_toggle][et_pb_toggle title=&#8221;Jag f\u00e5r felmeddelande n\u00e4r jag f\u00f6rs\u00f6ker betala med mitt kontokort? &#8221; open_toggle_background_color=&#8221;rgba(0,0,0,0)&#8221; closed_toggle_text_color=&#8221;#888&#8243; closed_toggle_background_color=&#8221;rgba(0,0,0,0)&#8221; _builder_version=&#8221;3.9&#8243; title_level=&#8221;h4&#8243; title_font=&#8221;|700|||||||&#8221; title_font_size=&#8221;16px&#8221; body_font=&#8221;||||||||&#8221; border_radii=&#8221;on|3px|3px|3px|3px&#8221; border_color_all=&#8221;#eee&#8221; custom_margin=&#8221;||10px|&#8221;]Det vi rekommenderar i dessa fall \u00e4r att k\u00f6pa via faktura. Det tillkommer ingen (0kr) avgift och du har 14 dagar p\u00e5 dig att betala via bank-giro fr\u00e5n det datum d\u00e5 varorna skickas.<\/p>\n<p>Nedan ges svar p\u00e5 varf\u00f6r ditt kortk\u00f6p inte gick igenom.<\/p>\n<p>Om ditt kort \u00e4r utf\u00e4rdat av Nordea<\/p>\n<p>Nordea har inf\u00f6rt en ny rutin vid Internetk\u00f6p som inneb\u00e4r att kunder beh\u00f6ver \u00f6ppna sitt kort f\u00f6r Internetk\u00f6p i Internetbanken.<\/p>\n<p>S\u00e5 h\u00e4r \u00f6ppnar du ditt kort f\u00f6r Internetk\u00f6p i Internetbanken.<\/p>\n<p>Logga in i Internetbanken.<br \/>\nV\u00e4lj &#8221;Kort&#8221; och sedan &#8221;\u00d6ppna och st\u00e4nga kort&#8221;.<br \/>\nUnder rubriken &#8221;Kortk\u00f6p p\u00e5 Internet&#8221;, v\u00e4lj &#8221;Alla Internetk\u00f6p, 60 min&#8221;.<br \/>\nDitt kort \u00e4r nu \u00f6ppet f\u00f6r k\u00f6p p\u00e5 alla Internetbutiker i 60 minuter och du kan nu genomf\u00f6ra ditt k\u00f6p i v\u00e5r webbutik.<\/p>\n<p>Om ditt kort inte \u00e4r utf\u00e4rdat av Nordea<\/p>\n<p>Mest sannolikt beror det p\u00e5 att du anv\u00e4nder ett kort som inte st\u00f6djs av v\u00e5r webbutik, vi godk\u00e4nner enbart Visa och MasterCard. Om du anv\u00e4nder ett av dessa kort men trots det inte kan gnomf\u00f6ra ditt k\u00f6p rekommenderar vi att du k\u00f6per p\u00e5 faktura. Det tillkommer ingen (0kr) avgift och du har 14 dagar p\u00e5 dig att betala via bank-giro fr\u00e5n det datum d\u00e5 varorna skickas.[\/et_pb_toggle][et_pb_toggle title=&#8221;Hur g\u00f6r jag en retur?&#8221; open_toggle_background_color=&#8221;rgba(0,0,0,0)&#8221; closed_toggle_text_color=&#8221;#888&#8243; closed_toggle_background_color=&#8221;rgba(0,0,0,0)&#8221; _builder_version=&#8221;3.9&#8243; title_level=&#8221;h4&#8243; title_font=&#8221;|700|||||||&#8221; title_font_size=&#8221;16px&#8221; body_font=&#8221;||||||||&#8221; border_radii=&#8221;on|3px|3px|3px|3px&#8221; border_color_all=&#8221;#eee&#8221; custom_margin=&#8221;||10px|&#8221;]Mejla oss p\u00e5 info@soartzy.com och meddela att du g\u00f6r en retur och ange f\u00f6ljande uppgifter:<\/p>\n<p>Ordernummer<br \/>\nKundnamn<br \/>\nE-post som k\u00f6pet registrerades p\u00e5<br \/>\nOrsak till retur<br \/>\nNamn p\u00e5 produkter du vill returnera<\/p>\n<p>Vi ger dig vidare instruktioner i v\u00e5rt mejlsvar. Vid byte eller retur av vara st\u00e5r du sj\u00e4lv f\u00f6r returkostnaden. \u00c5terbetalning av ordersumman eller makulering av utst\u00e4lld faktura skall g\u00f6ras av SoArtzy Sverige AB inom 14 dagar fr\u00e5n det datum d\u00e5 den returnerade varan mottagits och godk\u00e4nts.[\/et_pb_toggle][et_pb_toggle title=&#8221;Har min best\u00e4llning g\u00e5tt igenom?&#8221; open_toggle_background_color=&#8221;rgba(0,0,0,0)&#8221; closed_toggle_text_color=&#8221;#888&#8243; closed_toggle_background_color=&#8221;rgba(0,0,0,0)&#8221; _builder_version=&#8221;3.9&#8243; title_level=&#8221;h4&#8243; title_font=&#8221;|700|||||||&#8221; title_font_size=&#8221;16px&#8221; body_font=&#8221;||||||||&#8221; border_radii=&#8221;on|3px|3px|3px|3px&#8221; border_color_all=&#8221;#eee&#8221; custom_margin=&#8221;||10px|&#8221;]En orderbekr\u00e4ftelse ska ha skickats till din angivna mejladress n\u00e4r ordern \u00e4r lagd. Om du har f\u00e5tt bekr\u00e4ftelsen har ordern g\u00e5tt igenom och dina varor kommer att skickas inom angiven tid. <\/p>\n<p>Om du lagt en order som du tror har g\u00e5tt igenom, utan att ha f\u00e5tt ett bekr\u00e4ftelsemejl, kan du skicka oss ett mejl till info@posterstore.se s\u00e5 reder vi ut det snarast.[\/et_pb_toggle][et_pb_toggle title=&#8221;Vad \u00e4r det f\u00f6r skillnad mellan posters, prints, affischer?&#8221; open_toggle_background_color=&#8221;rgba(0,0,0,0)&#8221; closed_toggle_text_color=&#8221;#888&#8243; closed_toggle_background_color=&#8221;rgba(0,0,0,0)&#8221; _builder_version=&#8221;3.9&#8243; title_level=&#8221;h4&#8243; title_font=&#8221;|700|||||||&#8221; title_font_size=&#8221;16px&#8221; body_font=&#8221;||||||||&#8221; border_radii=&#8221;on|3px|3px|3px|3px&#8221; border_color_all=&#8221;#eee&#8221; custom_margin=&#8221;||10px|&#8221;]Det \u00e4r ingen skillnad. Det \u00e4r allesammans samma sorts produkt, vi har bara varierat ben\u00e4mningen p\u00e5 v\u00e5ra affischer.[\/et_pb_toggle][et_pb_contact_form captcha=&#8221;off&#8221; email=&#8221;info@soartzy.com&#8221; title=&#8221;Kontaktformul\u00e4r&#8221; form_background_color=&#8221;rgba(0,0,0,0)&#8221; module_id=&#8221;et_pb_contact_form_0&#8243; _builder_version=&#8221;3.9&#8243; title_level=&#8221;h2&#8243; title_font=&#8221;||||||||&#8221; title_font_size=&#8221;22px&#8221; form_field_font=&#8221;||||||||&#8221; border_radii=&#8221;on|3px|3px|3px|3px&#8221; border_width_all=&#8221;1px&#8221; border_color_all=&#8221;#dddddd&#8221; custom_margin=&#8221;40px|||&#8221;][et_pb_contact_field field_id=&#8221;Name&#8221; field_title=&#8221;Ditt namn&#8221; fullwidth_field=&#8221;on&#8221; _builder_version=&#8221;3.9&#8243; border_radii=&#8221;on||||&#8221;][\/et_pb_contact_field][et_pb_contact_field field_id=&#8221;Email&#8221; field_title=&#8221;E-postadress&#8221; field_type=&#8221;email&#8221; fullwidth_field=&#8221;on&#8221; _builder_version=&#8221;3.9&#8243; border_radii=&#8221;on||||&#8221;][\/et_pb_contact_field][et_pb_contact_field field_id=&#8221;Message&#8221; field_title=&#8221;Meddelande&#8221; field_type=&#8221;text&#8221; fullwidth_field=&#8221;on&#8221; _builder_version=&#8221;3.9&#8243; border_radii=&#8221;on||||&#8221; form_field_font=&#8221;||||||||&#8221;][\/et_pb_contact_field][\/et_pb_contact_form][et_pb_text _builder_version=&#8221;3.9&#8243; header_font=&#8221;||||||||&#8221; header_2_font=&#8221;||||||||&#8221; header_2_font_size=&#8221;22px&#8221;]<\/p>\n<h2>F\u00f6retagsinformation<\/h2>\n<p>SoArtzy Sverige AB<br \/> Org nr 123456 &#8211; 1234<br \/> E-post: info@soartzy.com<\/p>\n<p><strong>Adress:<\/strong><\/p>\n<p>SoArtzy Sverige AB<br \/> Bes\u00f6ksv\u00e4gen,<br \/> 111 50 Stockholm<\/p>\n<p>[\/et_pb_text][\/et_pb_column][et_pb_column type=&#8221;1_6&#8243; _builder_version=&#8221;3.0.47&#8243; parallax=&#8221;off&#8221; parallax_method=&#8221;on&#8221;][\/et_pb_column][\/et_pb_row][\/et_pb_section]<\/p>\n","protected":false},"excerpt":{"rendered":"<p>[et_pb_section fb_built=&#8221;1&#8243; _builder_version=&#8221;3.0.47&#8243;][et_pb_row _builder_version=&#8221;3.0.48&#8243; background_size=&#8221;initial&#8221; background_position=&#8221;top_left&#8221; background_repeat=&#8221;repeat&#8221;][et_pb_column type=&#8221;1_6&#8243; _builder_version=&#8221;3.0.47&#8243; parallax=&#8221;off&#8221; parallax_method=&#8221;on&#8221;][\/et_pb_column][et_pb_column type=&#8221;2_3&#8243; _builder_version=&#8221;3.0.47&#8243; parallax=&#8221;off&#8221; parallax_method=&#8221;on&#8221;][et_pb_text _builder_version=&#8221;3.9&#8243;] Kontakta oss N\u00e4r du handlar hos oss p\u00e5 SoArtzy vill vi att du ska k\u00e4nna dig 100% n\u00f6jd. Om du har fr\u00e5gor som inte besvaras nedan \u00e4r du alltid v\u00e4lkommen att kontakta oss p\u00e5 info@soartzy.com s\u00e5 hj\u00e4lper vi dig [&hellip;]<\/p>\n","protected":false},"author":1,"featured_media":0,"parent":0,"menu_order":0,"comment_status":"closed","ping_status":"closed","template":"","meta":{"_et_pb_use_builder":"on","_et_pb_old_content":"","_et_gb_content_width":""},"_links":{"self":[{"href":"https:\/\/attentionmedia.se\/demo\/webshop\/soartzy\/wp-json\/wp\/v2\/pages\/12169"}],"collection":[{"href":"https:\/\/attentionmedia.se\/demo\/webshop\/soartzy\/wp-json\/wp\/v2\/pages"}],"about":[{"href":"https:\/\/attentionmedia.se\/demo\/webshop\/soartzy\/wp-json\/wp\/v2\/types\/page"}],"author":[{"embeddable":true,"href":"https:\/\/attentionmedia.se\/demo\/webshop\/soartzy\/wp-json\/wp\/v2\/users\/1"}],"replies":[{"embeddable":true,"href":"https:\/\/attentionmedia.se\/demo\/webshop\/soartzy\/wp-json\/wp\/v2\/comments?post=12169"}],"version-history":[{"count":5,"href":"https:\/\/attentionmedia.se\/demo\/webshop\/soartzy\/wp-json\/wp\/v2\/pages\/12169\/revisions"}],"predecessor-version":[{"id":12209,"href":"https:\/\/attentionmedia.se\/demo\/webshop\/soartzy\/wp-json\/wp\/v2\/pages\/12169\/revisions\/12209"}],"wp:attachment":[{"href":"https:\/\/attentionmedia.se\/demo\/webshop\/soartzy\/wp-json\/wp\/v2\/media?parent=12169"}],"curies":[{"name":"wp","href":"https:\/\/api.w.org\/{rel}","templated":true}]}}