{"id":10,"date":"2019-09-04T20:08:16","date_gmt":"2019-09-04T18:08:16","guid":{"rendered":"https:\/\/attentionmedia.se\/demo\/small\/triopartner\/?page_id=10"},"modified":"2019-09-11T07:53:31","modified_gmt":"2019-09-11T05:53:31","slug":"hem","status":"publish","type":"page","link":"https:\/\/attentionmedia.se\/demo\/small\/triopartner\/","title":{"rendered":"Hem"},"content":{"rendered":"<p>[et_pb_section fb_built=&#8221;1&#8243; _builder_version=&#8221;3.27.4&#8243; custom_padding=&#8221;0px||0px|||&#8221; fb_built=&#8221;1&#8243; _i=&#8221;0&#8243; _address=&#8221;0&#8243;][et_pb_row column_structure=&#8221;3_5,2_5&#8243; use_custom_gutter=&#8221;on&#8221; gutter_width=&#8221;1&#8243; make_equal=&#8221;on&#8221; _builder_version=&#8221;3.27.4&#8243; width=&#8221;100%&#8221; max_width=&#8221;2560px&#8221; custom_padding=&#8221;0px||0px|||&#8221; _i=&#8221;0&#8243; _address=&#8221;0.0&#8243;][et_pb_column type=&#8221;3_5&#8243; module_class=&#8221;centrera-i-mitten&#8221; _builder_version=&#8221;3.27.4&#8243; background_image=&#8221;https:\/\/attentionmedia.se\/demo\/small\/triopartner\/wp-content\/uploads\/2019\/09\/IMG_1349.jpg&#8221; border_width_right=&#8221;5px&#8221; border_color_right=&#8221;#ffffff&#8221; _i=&#8221;0&#8243; _address=&#8221;0.0.0&#8243;][et_pb_text _builder_version=&#8221;3.27.4&#8243; header_2_font=&#8221;|600|||||||&#8221; header_2_font_size=&#8221;50px&#8221; background_color=&#8221;rgba(255,255,255,0.8)&#8221; text_orientation=&#8221;center&#8221; custom_margin=&#8221;60%||||false|false&#8221; custom_margin_tablet=&#8221;70%||||false|false&#8221; custom_margin_last_edited=&#8221;on|desktop&#8221; custom_padding=&#8221;1em||1em||true|false&#8221; _i=&#8221;0&#8243; _address=&#8221;0.0.0.0&#8243;]<\/p>\n<h2>Trygghet och kvalit\u00e9<\/h2>\n<p>&#8211; Vi bygger \u00e5t b\u00e5de privatpersoner och f\u00f6retag[\/et_pb_text][et_pb_image_n10s _builder_version=&#8221;3.27.4&#8243; _i=&#8221;1&#8243; _address=&#8221;0.0.0.1&#8243;][\/et_pb_image_n10s][\/et_pb_column][et_pb_column type=&#8221;2_5&#8243; _builder_version=&#8221;3.26.7&#8243; _i=&#8221;1&#8243; _address=&#8221;0.0.1&#8243;][et_pb_image src=&#8221;https:\/\/attentionmedia.se\/demo\/small\/triopartner\/wp-content\/uploads\/2019\/09\/IMG_1354.jpg&#8221; show_bottom_space=&#8221;off&#8221; force_fullwidth=&#8221;on&#8221; module_class=&#8221;portrait&#8221; _builder_version=&#8221;3.27.4&#8243; border_width_bottom=&#8221;5px&#8221; border_color_bottom=&#8221;#ffffff&#8221; _i=&#8221;0&#8243; _address=&#8221;0.0.1.0&#8243;][\/et_pb_image][et_pb_image src=&#8221;https:\/\/attentionmedia.se\/demo\/small\/triopartner\/wp-content\/uploads\/2019\/09\/architecture-bath-towels-bathroom_logo.jpg&#8221; force_fullwidth=&#8221;on&#8221; module_class=&#8221;portrait&#8221; _builder_version=&#8221;3.27.4&#8243; _i=&#8221;1&#8243; _address=&#8221;0.0.1.1&#8243;][\/et_pb_image][\/et_pb_column][\/et_pb_row][\/et_pb_section][et_pb_section fb_built=&#8221;1&#8243; _builder_version=&#8221;3.26.7&#8243; background_color=&#8221;#eeefee&#8221; fb_built=&#8221;1&#8243; _i=&#8221;1&#8243; _address=&#8221;1&#8243;][et_pb_row _builder_version=&#8221;3.26.7&#8243; _i=&#8221;0&#8243; _address=&#8221;1.0&#8243;][et_pb_column type=&#8221;4_4&#8243; _builder_version=&#8221;3.26.7&#8243; _i=&#8221;0&#8243; _address=&#8221;1.0.0&#8243;][et_pb_text _builder_version=&#8221;3.27.4&#8243; text_font=&#8221;|600|||||||&#8221; text_orientation=&#8221;center&#8221; module_alignment=&#8221;center&#8221; hover_enabled=&#8221;0&#8243; text_text_align=&#8221;center&#8221; _i=&#8221;0&#8243; _address=&#8221;1.0.0.0&#8243; max_width=&#8221;740px&#8221;]<\/p>\n<p>Vi \u00e4r ett flexibelt byggf\u00f6retag med l\u00e5ng erfarenhet inom olika sorters byggarbeten.<\/p>\n<p>Vi har l\u00e5ng erfarenhet inom bygg, snickeri, m\u00e5lning, el, vvs, f\u00f6nsterrenovering, stambyten, vattenskador och servicearbeten.<\/p>\n<p>Vi kan hj\u00e4lpa till med nybyggnation, specialanpassningar och renoveringar. Allt fr\u00e5n gr\u00f6vre arbeten till finsnickeri och renovering.<\/p>\n<p>[\/et_pb_text][\/et_pb_column][\/et_pb_row][\/et_pb_section][et_pb_section fb_built=&#8221;1&#8243; _builder_version=&#8221;3.27.4&#8243; custom_padding=&#8221;0px||0px||false|false&#8221; fb_built=&#8221;1&#8243; _i=&#8221;2&#8243; _address=&#8221;2&#8243;][et_pb_row column_structure=&#8221;1_3,1_3,1_3&#8243; use_custom_gutter=&#8221;on&#8221; gutter_width=&#8221;1&#8243; make_equal=&#8221;on&#8221; _builder_version=&#8221;3.27.4&#8243; width=&#8221;100%&#8221; max_width=&#8221;2560px&#8221; custom_margin=&#8221;||||false|false&#8221; custom_padding=&#8221;||0px||false|false&#8221; _i=&#8221;0&#8243; _address=&#8221;2.0&#8243;][et_pb_column type=&#8221;1_3&#8243; module_class=&#8221;centrera-text-i-mitten&#8221; _builder_version=&#8221;3.27.4&#8243; _i=&#8221;0&#8243; _address=&#8221;2.0.0&#8243;][et_pb_image src=&#8221;https:\/\/attentionmedia.se\/demo\/small\/triopartner\/wp-content\/uploads\/2019\/09\/2.jpg&#8221; show_bottom_space=&#8221;off&#8221; force_fullwidth=&#8221;on&#8221; _builder_version=&#8221;3.27.4&#8243; _i=&#8221;0&#8243; _address=&#8221;2.0.0.0&#8243;][\/et_pb_image][et_pb_image src=&#8221;https:\/\/attentionmedia.se\/demo\/small\/triopartner\/wp-content\/uploads\/2019\/09\/gallery-red-placeholder.jpg&#8221; force_fullwidth=&#8221;on&#8221; _builder_version=&#8221;3.27.4&#8243; custom_css_before=&#8221;content: %22Galleri%22;||z-index: 999;||position: absolute;||top: 50%;||left: 50%;||transform: translate(-50%, -50%);||-ms-transform: translate(-50%, -50%);||   color: #ffffff;||text-align: center;||text-transform: uppercase;||font-weight: 600;||font-size: 2.25em;&#8221; custom_css_main_element=&#8221;position: relative;&#8221; _i=&#8221;1&#8243; _address=&#8221;2.0.0.1&#8243;][\/et_pb_image][\/et_pb_column][et_pb_column type=&#8221;1_3&#8243; _builder_version=&#8221;3.27.4&#8243; _i=&#8221;1&#8243; _address=&#8221;2.0.1&#8243;][et_pb_image src=&#8221;https:\/\/attentionmedia.se\/demo\/small\/triopartner\/wp-content\/uploads\/2019\/09\/1.jpg&#8221; show_bottom_space=&#8221;off&#8221; force_fullwidth=&#8221;on&#8221; _builder_version=&#8221;3.27.4&#8243; _i=&#8221;0&#8243; _address=&#8221;2.0.1.0&#8243;][\/et_pb_image][et_pb_image src=&#8221;https:\/\/attentionmedia.se\/demo\/small\/triopartner\/wp-content\/uploads\/2019\/09\/4.jpg&#8221; force_fullwidth=&#8221;on&#8221; _builder_version=&#8221;3.27.4&#8243; _i=&#8221;1&#8243; _address=&#8221;2.0.1.1&#8243;][\/et_pb_image][\/et_pb_column][et_pb_column type=&#8221;1_3&#8243; _builder_version=&#8221;3.27.4&#8243; _i=&#8221;2&#8243; _address=&#8221;2.0.2&#8243;][et_pb_image src=&#8221;https:\/\/attentionmedia.se\/demo\/small\/triopartner\/wp-content\/uploads\/2019\/09\/3.jpg&#8221; show_bottom_space=&#8221;off&#8221; force_fullwidth=&#8221;on&#8221; _builder_version=&#8221;3.27.4&#8243; _i=&#8221;0&#8243; _address=&#8221;2.0.2.0&#8243;][\/et_pb_image][et_pb_image src=&#8221;https:\/\/attentionmedia.se\/demo\/small\/triopartner\/wp-content\/uploads\/2019\/09\/5.jpg&#8221; force_fullwidth=&#8221;on&#8221; _builder_version=&#8221;3.27.4&#8243; _i=&#8221;1&#8243; _address=&#8221;2.0.2.1&#8243;][\/et_pb_image][\/et_pb_column][\/et_pb_row][\/et_pb_section][et_pb_section fb_built=&#8221;1&#8243; _builder_version=&#8221;3.27.4&#8243; fb_built=&#8221;1&#8243; _i=&#8221;3&#8243; _address=&#8221;3&#8243;][\/et_pb_section]<\/p>\n","protected":false},"excerpt":{"rendered":"<p>[et_pb_section fb_built=&#8221;1&#8243; _builder_version=&#8221;3.27.4&#8243; custom_padding=&#8221;0px||0px|||&#8221; fb_built=&#8221;1&#8243; _i=&#8221;0&#8243; _address=&#8221;0&#8243;][et_pb_row column_structure=&#8221;3_5,2_5&#8243; use_custom_gutter=&#8221;on&#8221; gutter_width=&#8221;1&#8243; make_equal=&#8221;on&#8221; _builder_version=&#8221;3.27.4&#8243; width=&#8221;100%&#8221; max_width=&#8221;2560px&#8221; custom_padding=&#8221;0px||0px|||&#8221; _i=&#8221;0&#8243; _address=&#8221;0.0&#8243;][et_pb_column type=&#8221;3_5&#8243; module_class=&#8221;centrera-i-mitten&#8221; _builder_version=&#8221;3.27.4&#8243; background_image=&#8221;https:\/\/attentionmedia.se\/demo\/small\/triopartner\/wp-content\/uploads\/2019\/09\/IMG_1349.jpg&#8221; border_width_right=&#8221;5px&#8221; border_color_right=&#8221;#ffffff&#8221; _i=&#8221;0&#8243; _address=&#8221;0.0.0&#8243;][et_pb_text _builder_version=&#8221;3.27.4&#8243; header_2_font=&#8221;|600|||||||&#8221; header_2_font_size=&#8221;50px&#8221; background_color=&#8221;rgba(255,255,255,0.8)&#8221; text_orientation=&#8221;center&#8221; custom_margin=&#8221;60%||||false|false&#8221; custom_margin_tablet=&#8221;70%||||false|false&#8221; custom_margin_last_edited=&#8221;on|desktop&#8221; custom_padding=&#8221;1em||1em||true|false&#8221; _i=&#8221;0&#8243; _address=&#8221;0.0.0.0&#8243;] Trygghet och kvalit\u00e9 &#8211; Vi bygger \u00e5t b\u00e5de privatpersoner och f\u00f6retag[\/et_pb_text][et_pb_image_n10s _builder_version=&#8221;3.27.4&#8243; _i=&#8221;1&#8243; _address=&#8221;0.0.0.1&#8243;][\/et_pb_image_n10s][\/et_pb_column][et_pb_column type=&#8221;2_5&#8243; _builder_version=&#8221;3.26.7&#8243; _i=&#8221;1&#8243; _address=&#8221;0.0.1&#8243;][et_pb_image src=&#8221;https:\/\/attentionmedia.se\/demo\/small\/triopartner\/wp-content\/uploads\/2019\/09\/IMG_1354.jpg&#8221; [&hellip;]<\/p>\n","protected":false},"author":1,"featured_media":0,"parent":0,"menu_order":0,"comment_status":"closed","ping_status":"closed","template":"","meta":{"_et_pb_use_builder":"on","_et_pb_old_content":"<!-- wp:divi\/placeholder \/-->","_et_gb_content_width":""},"_links":{"self":[{"href":"https:\/\/attentionmedia.se\/demo\/small\/triopartner\/wp-json\/wp\/v2\/pages\/10"}],"collection":[{"href":"https:\/\/attentionmedia.se\/demo\/small\/triopartner\/wp-json\/wp\/v2\/pages"}],"about":[{"href":"https:\/\/attentionmedia.se\/demo\/small\/triopartner\/wp-json\/wp\/v2\/types\/page"}],"author":[{"embeddable":true,"href":"https:\/\/attentionmedia.se\/demo\/small\/triopartner\/wp-json\/wp\/v2\/users\/1"}],"replies":[{"embeddable":true,"href":"https:\/\/attentionmedia.se\/demo\/small\/triopartner\/wp-json\/wp\/v2\/comments?post=10"}],"version-history":[{"count":30,"href":"https:\/\/attentionmedia.se\/demo\/small\/triopartner\/wp-json\/wp\/v2\/pages\/10\/revisions"}],"predecessor-version":[{"id":112,"href":"https:\/\/attentionmedia.se\/demo\/small\/triopartner\/wp-json\/wp\/v2\/pages\/10\/revisions\/112"}],"wp:attachment":[{"href":"https:\/\/attentionmedia.se\/demo\/small\/triopartner\/wp-json\/wp\/v2\/media?parent=10"}],"curies":[{"name":"wp","href":"https:\/\/api.w.org\/{rel}","templated":true}]}}