{"id":9,"date":"2018-10-13T16:20:20","date_gmt":"2018-10-13T14:20:20","guid":{"rendered":"https:\/\/attentionmedia.se\/demo\/large\/voiceprovider\/?page_id=9"},"modified":"2019-07-17T12:32:43","modified_gmt":"2019-07-17T10:32:43","slug":"start","status":"publish","type":"page","link":"https:\/\/attentionmedia.se\/demo\/large\/voiceprovider\/","title":{"rendered":"Start"},"content":{"rendered":"<p>[et_pb_section fb_built=&#8221;1&#8243; fullwidth=&#8221;on&#8221; _builder_version=&#8221;3.17.1&#8243;][et_pb_fullwidth_slider show_arrows=&#8221;off&#8221; show_pagination=&#8221;off&#8221; module_class=&#8221;bildspel&#8221; _builder_version=&#8221;3.18.7&#8243; header_level=&#8221;h4&#8243; header_font=&#8221;|600|||||||&#8221; body_font=&#8221;|700|||||||&#8221; custom_button=&#8221;on&#8221; button_text_size=&#8221;18px&#8221; button_text_color=&#8221;#ffffff&#8221; button_bg_color=&#8221;#61afc5&#8243; button_border_width=&#8221;0px&#8221; button_border_color=&#8221;#3eb1c8&#8243; button_border_radius=&#8221;0px&#8221; button_font=&#8221;|||on|||||&#8221; button_use_icon=&#8221;off&#8221; text_orientation=&#8221;left&#8221; custom_padding=&#8221;40%||40%||true&#8221;][et_pb_slide heading=&#8221;NYHET &#8211; framtiden \u00e4r artificiell teknik&#8221; button_text=&#8221;L\u00e4s mer&#8221; button_link=&#8221;https:\/\/attentionmedia.se\/demo\/large\/voiceprovider\/chat-bots\/&#8221; _builder_version=&#8221;3.17.1&#8243; header_level=&#8221;h4&#8243; header_font=&#8221;||||||||&#8221; header_font_size=&#8221;18px&#8221; header_font_size_phone=&#8221;22px&#8221; header_font_size_last_edited=&#8221;on|phone&#8221; body_font=&#8221;||||||||&#8221; body_text_color=&#8221;#000000&#8243; body_font_size=&#8221;40px&#8221; body_font_size_phone=&#8221;30px&#8221; body_font_size_last_edited=&#8221;on|phone&#8221; body_line_height=&#8221;1.2em&#8221; background_image=&#8221;https:\/\/attentionmedia.se\/demo\/large\/voiceprovider\/wp-content\/uploads\/2018\/11\/head_chatbots_voiceprovider.jpg&#8221; text_orientation=&#8221;left&#8221; background_layout=&#8221;light&#8221; custom_padding=&#8221;|||0px&#8221;]<span style=\"color: #61afc5;\">Chat Bots &#8211; en revolution<\/span> f\u00f6r din kundtj\u00e4nst![\/et_pb_slide][\/et_pb_fullwidth_slider][\/et_pb_section][et_pb_section fb_built=&#8221;1&#8243; _builder_version=&#8221;3.18.7&#8243; custom_padding=&#8221;54px|0px|120px|0px|false|false&#8221;][et_pb_row use_custom_width=&#8221;on&#8221; custom_width_px=&#8221;880px&#8221; _builder_version=&#8221;3.18.7&#8243;][et_pb_column type=&#8221;2_5&#8243; _builder_version=&#8221;3.17.1&#8243; parallax=&#8221;off&#8221; parallax_method=&#8221;on&#8221;][et_pb_text _builder_version=&#8221;3.17.1&#8243; text_font=&#8221;||||||||&#8221; header_font=&#8221;||||||||&#8221; header_3_font=&#8221;|700|||||||&#8221; header_3_text_align=&#8221;center&#8221; header_3_text_color=&#8221;#61afc5&#8243; header_3_font_size=&#8221;26px&#8221; header_3_line_height=&#8221;1.3em&#8221;]<\/p>\n<h3 style=\"text-align: left;\">\u201d Med Chat Bots kan<br \/> Du erbjuda den service dina kunder f\u00f6rtj\u00e4nar \u201d<\/h3>\n<p>[\/et_pb_text][\/et_pb_column][et_pb_column type=&#8221;3_5&#8243; _builder_version=&#8221;3.17.1&#8243; parallax=&#8221;off&#8221; parallax_method=&#8221;on&#8221;][et_pb_text _builder_version=&#8221;3.17.1&#8243;]<\/p>\n<p>Artificiell intelligence (AI) \u00e4r ett nytt och sp\u00e4nnande omr\u00e5de som \u00f6ppnar stora m\u00f6jligheter. En AI-baserad chatbot effektiviserar din verksamhet och ger dina kunder olika form av \u00e5terkoppling utan att beh\u00f6va ha en m\u00e4nsklig mellanhand. Med v\u00e5r Chatbot Boozt \u2013 kan du snabbt identifiera vad din verksamhet kan ha f\u00f6r nytta med chatbots.<\/p>\n<p>[\/et_pb_text][\/et_pb_column][\/et_pb_row][\/et_pb_section][et_pb_section fb_built=&#8221;1&#8243; _builder_version=&#8221;3.18.7&#8243; background_color=&#8221;#61afc5&#8243; custom_padding=&#8221;0|0px|54px|0px|false|false&#8221;][et_pb_row use_custom_gutter=&#8221;on&#8221; gutter_width=&#8221;1&#8243; custom_padding=&#8221;0|0px|27px|0px|false|false&#8221; custom_margin=&#8221;||&#8221; custom_css_main_1=&#8221;margin-top: -60px;&#8221; custom_css_main_2=&#8221;margin-top: -60px;&#8221; _builder_version=&#8221;3.18.7&#8243;][et_pb_column type=&#8221;1_2&#8243; _builder_version=&#8221;3.17.1&#8243; parallax=&#8221;off&#8221; parallax_method=&#8221;on&#8221; custom_css_main=&#8221;margin-top: -60px;&#8221;][et_pb_image src=&#8221;https:\/\/attentionmedia.se\/demo\/large\/voiceprovider\/wp-content\/uploads\/2018\/11\/chatbot_voiceprovider.jpg&#8221; _builder_version=&#8221;3.18.7&#8243;][\/et_pb_image][\/et_pb_column][et_pb_column type=&#8221;1_2&#8243; _builder_version=&#8221;3.17.1&#8243; parallax=&#8221;off&#8221; parallax_method=&#8221;on&#8221; custom_css_main=&#8221;margin-top: -60px;&#8221;][et_pb_image src=&#8221;https:\/\/attentionmedia.se\/demo\/large\/voiceprovider\/wp-content\/uploads\/2018\/10\/top-kanaler.jpg&#8221; _builder_version=&#8221;3.17.1&#8243;][\/et_pb_image][\/et_pb_column][\/et_pb_row][\/et_pb_section][et_pb_section fb_built=&#8221;1&#8243; _builder_version=&#8221;3.17.1&#8243;][et_pb_row custom_padding=&#8221;27px|0px|40px|0px|false|false&#8221; _builder_version=&#8221;3.17.1&#8243;][et_pb_column type=&#8221;1_4&#8243; _builder_version=&#8221;3.17.1&#8243; parallax=&#8221;off&#8221; parallax_method=&#8221;on&#8221;][\/et_pb_column][et_pb_column type=&#8221;1_2&#8243; _builder_version=&#8221;3.17.1&#8243; parallax=&#8221;off&#8221; parallax_method=&#8221;on&#8221;][et_pb_text _builder_version=&#8221;3.18.7&#8243; text_font=&#8221;|700|||||||&#8221; text_text_color=&#8221;#333&#8243; text_font_size=&#8221;26px&#8221; text_line_height=&#8221;1.2em&#8221; text_orientation=&#8221;center&#8221;]<\/p>\n<p>V\u00e5ra tj\u00e4nster \u00e4r inte en kostnad &#8211;<br \/> det \u00e4r en <span style=\"color: #61afc5;\">kostnadseffektiv investering<\/span><\/p>\n<p>[\/et_pb_text][et_pb_text _builder_version=&#8221;3.17.1&#8243; text_font=&#8221;||||||||&#8221; text_orientation=&#8221;center&#8221;]<\/p>\n<p>Med v\u00e5ra intelligenta och effektiva l\u00f6sningar f\u00e5r ni fullst\u00e4ndig kontroll p\u00e5 kommunikationen med era kunder och bes\u00f6kare. <br \/>Enklare f\u00f6r er och enklare f\u00f6r era kunder!\u00a0<\/p>\n<p>[\/et_pb_text][\/et_pb_column][et_pb_column type=&#8221;1_4&#8243; _builder_version=&#8221;3.17.1&#8243; parallax=&#8221;off&#8221; parallax_method=&#8221;on&#8221;][\/et_pb_column][\/et_pb_row][et_pb_row custom_padding=&#8221;40px|0px|27px|0px|false|false&#8221; _builder_version=&#8221;3.17.1&#8243;][et_pb_column type=&#8221;1_3&#8243; _builder_version=&#8221;3.17.1&#8243; parallax=&#8221;off&#8221; parallax_method=&#8221;on&#8221;][et_pb_blurb title=&#8221;Fler kanaler &#8211; ett verktyg!&#8221; use_icon=&#8221;on&#8221; font_icon=&#8221;%%45%%&#8221; icon_color=&#8221;#ffffff&#8221; use_circle=&#8221;on&#8221; circle_color=&#8221;#61afc5&#8243; icon_placement=&#8221;left&#8221; use_icon_font_size=&#8221;on&#8221; icon_font_size=&#8221;30px&#8221; _builder_version=&#8221;3.17.1&#8243; header_font=&#8221;|600|||||||&#8221;]<\/p>\n<p>V\u00e5r CCL-tj\u00e4nst effektiviserar ert arbete inom en rad olika kommunikationskanaler. Allt finns samlat i en och samma l\u00f6sning.<\/p>\n<p>[\/et_pb_blurb][\/et_pb_column][et_pb_column type=&#8221;1_3&#8243; _builder_version=&#8221;3.17.1&#8243; parallax=&#8221;off&#8221; parallax_method=&#8221;on&#8221;][et_pb_blurb title=&#8221;Best\u00e5ende resultat&#8221; use_icon=&#8221;on&#8221; font_icon=&#8221;%%45%%&#8221; icon_color=&#8221;#ffffff&#8221; use_circle=&#8221;on&#8221; circle_color=&#8221;#61afc5&#8243; icon_placement=&#8221;left&#8221; use_icon_font_size=&#8221;on&#8221; icon_font_size=&#8221;30px&#8221; _builder_version=&#8221;3.17.1&#8243; header_font=&#8221;|600|||||||&#8221;]Reducera kostnader genom samlade l\u00f6sningar. Hj\u00e4lp kunden r\u00e4tt med enkla medel. En skr\u00e4ddarsydd kundservice.[\/et_pb_blurb][\/et_pb_column][et_pb_column type=&#8221;1_3&#8243; _builder_version=&#8221;3.17.1&#8243; parallax=&#8221;off&#8221; parallax_method=&#8221;on&#8221;][et_pb_blurb title=&#8221;Experter p\u00e5 kundservice&#8221; use_icon=&#8221;on&#8221; font_icon=&#8221;%%45%%&#8221; icon_color=&#8221;#ffffff&#8221; use_circle=&#8221;on&#8221; circle_color=&#8221;#61afc5&#8243; icon_placement=&#8221;left&#8221; use_icon_font_size=&#8221;on&#8221; icon_font_size=&#8221;30px&#8221; _builder_version=&#8221;3.18.7&#8243; header_font=&#8221;|600|||||||&#8221;]<\/p>\n<p>Vi utformar l\u00f6sningar som inom kundservice ger er nya m\u00f6jligheter att utvecklas som organisation.<\/p>\n<p>[\/et_pb_blurb][\/et_pb_column][\/et_pb_row][\/et_pb_section][et_pb_section fb_built=&#8221;1&#8243; _builder_version=&#8221;3.17.1&#8243;][et_pb_row _builder_version=&#8221;3.17.1&#8243;][et_pb_column type=&#8221;4_4&#8243; _builder_version=&#8221;3.17.1&#8243; parallax=&#8221;off&#8221; parallax_method=&#8221;on&#8221;][et_pb_text _builder_version=&#8221;3.17.1&#8243; header_font=&#8221;||||||||&#8221; header_2_font=&#8221;|700|||||||&#8221; header_2_text_align=&#8221;center&#8221;]<\/p>\n<h2>V\u00e5ra <span style=\"color: #61afc5;\">tj\u00e4nster<\/span><\/h2>\n<p>[\/et_pb_text][\/et_pb_column][\/et_pb_row][et_pb_row use_custom_gutter=&#8221;on&#8221; gutter_width=&#8221;1&#8243; custom_padding=&#8221;27px|0px|0|0px|false|false&#8221; make_equal=&#8221;on&#8221; background_color_1=&#8221;#f2f2f2&#8243; background_color_2=&#8221;#61afc5&#8243; background_color_3=&#8221;#f2f2f2&#8243; padding_top_bottom_link_1=&#8221;true&#8221; padding_top_bottom_link_2=&#8221;true&#8221; padding_top_bottom_link_3=&#8221;true&#8221; padding_left_right_link_1=&#8221;true&#8221; padding_left_right_link_2=&#8221;true&#8221; padding_left_right_link_3=&#8221;true&#8221; padding_top_1=&#8221;60px&#8221; padding_top_2=&#8221;60px&#8221; padding_top_3=&#8221;60px&#8221; padding_bottom_1=&#8221;60px&#8221; padding_bottom_2=&#8221;60px&#8221; padding_bottom_3=&#8221;60px&#8221; module_class=&#8221;responsiv-blurb&#8221; _builder_version=&#8221;3.18.7&#8243;][et_pb_column type=&#8221;1_2&#8243; _builder_version=&#8221;3.17.1&#8243; padding_bottom=&#8221;60px&#8221; padding_top=&#8221;60px&#8221; background_color=&#8221;#f2f2f2&#8243; parallax=&#8221;off&#8221; parallax_method=&#8221;on&#8221;][et_pb_blurb title=&#8221;Chat Bots&#8221; image=&#8221;https:\/\/attentionmedia.se\/demo\/large\/voiceprovider\/wp-content\/uploads\/2018\/11\/button_chatbot.png&#8221; icon_placement=&#8221;left&#8221; content_max_width=&#8221;300px&#8221; _builder_version=&#8221;3.18.7&#8243; header_font=&#8221;|700|||||||&#8221; custom_padding=&#8221;|||||false&#8221; link_option_url=&#8221;https:\/\/attentionmedia.se\/demo\/large\/voiceprovider\/chat-bots\/&#8221;]<\/p>\n<p>Artificiell intelligence (AI) \u00e4r ett nytt och sp\u00e4nnande omr\u00e5de som \u00f6ppnar stora m\u00f6jligheter. En AI-baserad chatbot effektiviserar din verksamhet och ger dina kunder olika form av \u00e5terkoppling utan att beh\u00f6va ha en m\u00e4nsklig mellanhand. <\/p>\n<p>[\/et_pb_blurb][\/et_pb_column][et_pb_column type=&#8221;1_2&#8243; _builder_version=&#8221;3.17.1&#8243; padding_bottom=&#8221;60px&#8221; padding_top=&#8221;60px&#8221; background_color=&#8221;#61afc5&#8243; parallax=&#8221;off&#8221; parallax_method=&#8221;on&#8221;][et_pb_blurb title=&#8221;Fritt Tal&#8221; image=&#8221;https:\/\/attentionmedia.se\/demo\/large\/voiceprovider\/wp-content\/uploads\/2018\/11\/fritt_tal_button.png&#8221; icon_placement=&#8221;left&#8221; content_max_width=&#8221;300px&#8221; _builder_version=&#8221;3.18.7&#8243; header_font=&#8221;|700|||||||&#8221; background_layout=&#8221;dark&#8221; custom_padding=&#8221;|||||false&#8221; link_option_url=&#8221;https:\/\/attentionmedia.se\/demo\/large\/voiceprovider\/fritt-tal\/&#8221;]<\/p>\n<p>Med hj\u00e4lp av den senaste tekniken besvarar v\u00e5r r\u00f6ststyrda tj\u00e4nst alla inkommande samtal. L\u00f6sningen erbjuder kunden en naturlig, talad dialog.<\/p>\n<p>[\/et_pb_blurb][\/et_pb_column][\/et_pb_row][et_pb_row use_custom_gutter=&#8221;on&#8221; gutter_width=&#8221;1&#8243; custom_padding=&#8221;0|0px|27px|0px|false|false&#8221; custom_margin=&#8221;|||&#8221; make_equal=&#8221;on&#8221; background_color_1=&#8221;#61afc5&#8243; background_color_2=&#8221;#f2f2f2&#8243; padding_top_bottom_link_1=&#8221;true&#8221; padding_top_bottom_link_2=&#8221;true&#8221; padding_top_bottom_link_3=&#8221;true&#8221; padding_left_right_link_1=&#8221;true&#8221; padding_left_right_link_2=&#8221;true&#8221; padding_left_right_link_3=&#8221;true&#8221; padding_top_1=&#8221;60px&#8221; padding_top_2=&#8221;60px&#8221; padding_top_3=&#8221;60px&#8221; padding_bottom_1=&#8221;60px&#8221; padding_bottom_2=&#8221;60px&#8221; padding_bottom_3=&#8221;60px&#8221; _builder_version=&#8221;3.18.7&#8243; module_alignment=&#8221;center&#8221;][et_pb_column type=&#8221;1_2&#8243; _builder_version=&#8221;3.17.1&#8243; padding_bottom=&#8221;60px&#8221; padding_top=&#8221;60px&#8221; background_color=&#8221;#61afc5&#8243; parallax=&#8221;off&#8221; parallax_method=&#8221;on&#8221;][et_pb_blurb title=&#8221;Sj\u00e4lvbetj\u00e4ningstj\u00e4nster&#8221; image=&#8221;https:\/\/attentionmedia.se\/demo\/large\/voiceprovider\/wp-content\/uploads\/2018\/11\/sjalvbetjaningstjanster_button.png&#8221; icon_placement=&#8221;left&#8221; content_max_width=&#8221;300px&#8221; _builder_version=&#8221;3.17.1&#8243; header_font=&#8221;|700|||||||&#8221; background_layout=&#8221;dark&#8221; link_option_url=&#8221;https:\/\/attentionmedia.se\/demo\/large\/voiceprovider\/sjalvbetjaningstjanster\/&#8221;]<\/p>\n<p>Med hj\u00e4lp av r\u00f6ststyrda telefonil\u00f6sningar kan ni minska belastningen p\u00e5 er kundtj\u00e4nstpersonal &#8211; till en marginell kostnad. L\u00e5t dina kompetenta medarbetare f\u00e5 fokusera sin energi p\u00e5 de mer komplexa \u00e4rendena ist\u00e4llet.<\/p>\n<p>[\/et_pb_blurb][\/et_pb_column][et_pb_column type=&#8221;1_2&#8243; _builder_version=&#8221;3.17.1&#8243; padding_bottom=&#8221;60px&#8221; padding_top=&#8221;60px&#8221; background_color=&#8221;#f2f2f2&#8243; parallax=&#8221;off&#8221; parallax_method=&#8221;on&#8221;][et_pb_blurb title=&#8221;Contact Center Live&#8221; image=&#8221;https:\/\/attentionmedia.se\/demo\/large\/voiceprovider\/wp-content\/uploads\/2018\/11\/contact_center_live_button.png&#8221; icon_placement=&#8221;left&#8221; content_max_width=&#8221;300px&#8221; _builder_version=&#8221;3.17.1&#8243; header_font=&#8221;|700|||||||&#8221; link_option_url=&#8221;https:\/\/attentionmedia.se\/demo\/large\/voiceprovider\/kontaktcentersystem\/&#8221;]En verktygsl\u00e5da fylld med funktioner som hj\u00e4lper till att erbjuda b\u00e4ttre kundservice, samtidigt som ni effektiviserar verksamheten.[\/et_pb_blurb][\/et_pb_column][\/et_pb_row][\/et_pb_section][et_pb_section fb_built=&#8221;1&#8243; _builder_version=&#8221;3.17.1&#8243; background_color=&#8221;#f2f2f2&#8243;][et_pb_row _builder_version=&#8221;3.17.1&#8243;][et_pb_column type=&#8221;4_4&#8243; _builder_version=&#8221;3.17.1&#8243; parallax=&#8221;off&#8221; parallax_method=&#8221;on&#8221;][et_pb_text _builder_version=&#8221;3.17.1&#8243; header_font=&#8221;||||||||&#8221; header_2_font=&#8221;|700|||||||&#8221; header_2_text_align=&#8221;center&#8221;]<\/p>\n<h2>V\u00e5ra senaste projekt<\/h2>\n<p>[\/et_pb_text][\/et_pb_column][\/et_pb_row][et_pb_row _builder_version=&#8221;3.17.1&#8243;][et_pb_column type=&#8221;4_4&#8243; _builder_version=&#8221;3.17.1&#8243; parallax=&#8221;off&#8221; parallax_method=&#8221;on&#8221;][et_pb_blog fullwidth=&#8221;off&#8221; posts_number=&#8221;6&#8243; include_categories=&#8221;2&#8243; show_more=&#8221;on&#8221; show_author=&#8221;off&#8221; show_date=&#8221;off&#8221; show_categories=&#8221;off&#8221; show_pagination=&#8221;off&#8221; module_class=&#8221;latest-projects&#8221; _builder_version=&#8221;3.18.7&#8243; body_font=&#8221;||||||||&#8221; meta_font=&#8221;||||||||&#8221; pagination_font=&#8221;||||||||&#8221; border_width_all=&#8221;0px&#8221;][\/et_pb_blog][\/et_pb_column][\/et_pb_row][\/et_pb_section][et_pb_section fb_built=&#8221;1&#8243; _builder_version=&#8221;3.18.7&#8243; background_image=&#8221;https:\/\/attentionmedia.se\/demo\/large\/voiceprovider\/wp-content\/uploads\/2018\/11\/adult-african-announcement-1059114.jpg&#8221;][et_pb_row custom_padding=&#8221;50px|0px|50px|0px|true|false&#8221; _builder_version=&#8221;3.18.7&#8243; background_color=&#8221;#ffffff&#8221;][et_pb_column type=&#8221;4_4&#8243; _builder_version=&#8221;3.17.1&#8243; parallax=&#8221;off&#8221; parallax_method=&#8221;on&#8221;][et_pb_text _builder_version=&#8221;3.18.7&#8243; text_font=&#8221;||||||||&#8221; header_font=&#8221;||||||||&#8221; header_2_font=&#8221;|700|||||||&#8221; header_2_text_align=&#8221;center&#8221; text_orientation=&#8221;center&#8221; max_width=&#8221;30%&#8221; max_width_phone=&#8221;80%&#8221; max_width_last_edited=&#8221;on|desktop&#8221; module_alignment=&#8221;center&#8221;]<\/p>\n<h2>Vill du veta mer?<\/h2>\n<p>Ett bra samarbete b\u00f6rjar med ett behov och en id\u00e9. Vi har experterna. L\u00e5t oss n\u00e5 dina m\u00e5l tillsammans. L\u00f6sningen \u00e4r bara ett samtal bort!<\/p>\n<p>[\/et_pb_text][et_pb_contact_form captcha=&#8221;off&#8221; form_background_color=&#8221;#ffffff&#8221; module_id=&#8221;et_pb_contact_form_0&#8243; _builder_version=&#8221;3.18.7&#8243; form_field_font=&#8221;||||||||&#8221; border_radii=&#8221;on|3px|3px|3px|3px&#8221; border_width_all=&#8221;1px&#8221; border_color_all=&#8221;#eeeeee&#8221; custom_button=&#8221;on&#8221; button_text_size=&#8221;18px&#8221; button_text_color=&#8221;#ffffff&#8221; button_font=&#8221;||||||||&#8221; button_use_icon=&#8221;off&#8221; max_width=&#8221;80%&#8221; max_width_phone=&#8221;90%&#8221; max_width_last_edited=&#8221;on|desktop&#8221; module_alignment=&#8221;center&#8221; button_text_color__hover_enabled=&#8221;on&#8221; button_bg_color__hover=&#8221;rgba(62,177,200,0)&#8221; button_text_color__hover=&#8221;#ffffff&#8221; button_border_width__hover=&#8221;3&#8243; email=&#8221;info@voiceprovider.com&#8221;][et_pb_contact_field field_id=&#8221;Namn&#8221; field_title=&#8221;Ditt namn&#8221; _builder_version=&#8221;3.17.1&#8243; border_radii=&#8221;on||||&#8221; button_text_size__hover_enabled=&#8221;off&#8221; button_one_text_size__hover_enabled=&#8221;off&#8221; button_two_text_size__hover_enabled=&#8221;off&#8221; button_text_color__hover_enabled=&#8221;off&#8221; button_one_text_color__hover_enabled=&#8221;off&#8221; button_two_text_color__hover_enabled=&#8221;off&#8221; button_border_width__hover_enabled=&#8221;off&#8221; button_one_border_width__hover_enabled=&#8221;off&#8221; button_two_border_width__hover_enabled=&#8221;off&#8221; button_border_color__hover_enabled=&#8221;off&#8221; button_one_border_color__hover_enabled=&#8221;off&#8221; button_two_border_color__hover_enabled=&#8221;off&#8221; button_border_radius__hover_enabled=&#8221;off&#8221; button_one_border_radius__hover_enabled=&#8221;off&#8221; button_two_border_radius__hover_enabled=&#8221;off&#8221; button_letter_spacing__hover_enabled=&#8221;off&#8221; button_one_letter_spacing__hover_enabled=&#8221;off&#8221; button_two_letter_spacing__hover_enabled=&#8221;off&#8221; button_bg_color__hover_enabled=&#8221;off&#8221; button_one_bg_color__hover_enabled=&#8221;off&#8221; button_two_bg_color__hover_enabled=&#8221;off&#8221;][\/et_pb_contact_field][et_pb_contact_field field_id=&#8221;Epost&#8221; field_title=&#8221;Din e-postadress&#8221; field_type=&#8221;email&#8221; _builder_version=&#8221;3.17.1&#8243; border_radii=&#8221;on||||&#8221; button_text_size__hover_enabled=&#8221;off&#8221; button_one_text_size__hover_enabled=&#8221;off&#8221; button_two_text_size__hover_enabled=&#8221;off&#8221; button_text_color__hover_enabled=&#8221;off&#8221; button_one_text_color__hover_enabled=&#8221;off&#8221; button_two_text_color__hover_enabled=&#8221;off&#8221; button_border_width__hover_enabled=&#8221;off&#8221; button_one_border_width__hover_enabled=&#8221;off&#8221; button_two_border_width__hover_enabled=&#8221;off&#8221; button_border_color__hover_enabled=&#8221;off&#8221; button_one_border_color__hover_enabled=&#8221;off&#8221; button_two_border_color__hover_enabled=&#8221;off&#8221; button_border_radius__hover_enabled=&#8221;off&#8221; button_one_border_radius__hover_enabled=&#8221;off&#8221; button_two_border_radius__hover_enabled=&#8221;off&#8221; button_letter_spacing__hover_enabled=&#8221;off&#8221; button_one_letter_spacing__hover_enabled=&#8221;off&#8221; button_two_letter_spacing__hover_enabled=&#8221;off&#8221; button_bg_color__hover_enabled=&#8221;off&#8221; button_one_bg_color__hover_enabled=&#8221;off&#8221; button_two_bg_color__hover_enabled=&#8221;off&#8221;][\/et_pb_contact_field][et_pb_contact_field field_id=&#8221;Tel&#8221; field_title=&#8221;Ditt telefonnummer&#8221; _builder_version=&#8221;3.17.1&#8243;][\/et_pb_contact_field][et_pb_contact_field field_id=&#8221;Amne&#8221; field_title=&#8221;\u00c4mne&#8221; _builder_version=&#8221;3.17.1&#8243;][\/et_pb_contact_field][et_pb_contact_field field_id=&#8221;Message&#8221; field_title=&#8221;Meddelande&#8221; field_type=&#8221;text&#8221; fullwidth_field=&#8221;on&#8221; _builder_version=&#8221;3.16&#8243; border_radii=&#8221;on||||&#8221; button_text_size__hover_enabled=&#8221;off&#8221; button_one_text_size__hover_enabled=&#8221;off&#8221; button_two_text_size__hover_enabled=&#8221;off&#8221; button_text_color__hover_enabled=&#8221;off&#8221; button_one_text_color__hover_enabled=&#8221;off&#8221; button_two_text_color__hover_enabled=&#8221;off&#8221; button_border_width__hover_enabled=&#8221;off&#8221; button_one_border_width__hover_enabled=&#8221;off&#8221; button_two_border_width__hover_enabled=&#8221;off&#8221; button_border_color__hover_enabled=&#8221;off&#8221; button_one_border_color__hover_enabled=&#8221;off&#8221; button_two_border_color__hover_enabled=&#8221;off&#8221; button_border_radius__hover_enabled=&#8221;off&#8221; button_one_border_radius__hover_enabled=&#8221;off&#8221; button_two_border_radius__hover_enabled=&#8221;off&#8221; button_letter_spacing__hover_enabled=&#8221;off&#8221; button_one_letter_spacing__hover_enabled=&#8221;off&#8221; button_two_letter_spacing__hover_enabled=&#8221;off&#8221; button_bg_color__hover_enabled=&#8221;off&#8221; button_one_bg_color__hover_enabled=&#8221;off&#8221; button_two_bg_color__hover_enabled=&#8221;off&#8221;][\/et_pb_contact_field][\/et_pb_contact_form][\/et_pb_column][\/et_pb_row][\/et_pb_section][et_pb_section fb_built=&#8221;1&#8243; _builder_version=&#8221;3.17.1&#8243;][et_pb_row _builder_version=&#8221;3.17.1&#8243;][et_pb_column type=&#8221;4_4&#8243; _builder_version=&#8221;3.17.1&#8243; parallax=&#8221;off&#8221; parallax_method=&#8221;on&#8221;][et_pb_text _builder_version=&#8221;3.18.7&#8243; header_font=&#8221;||||||||&#8221; header_2_font=&#8221;|700|||||||&#8221; header_2_text_color=&#8221;#61afc5&#8243; custom_margin=&#8221;||&#8221; custom_padding=&#8221;||&#8221; custom_css_after=&#8221;content: %22\u2014\u2014\u2014\u2014\u2014%22;||letter-spacing: -1px;||color: #3eb1c8;&#8221;]<\/p>\n<h2>Nyheter<\/h2>\n<p>[\/et_pb_text][et_pb_blog fullwidth=&#8221;off&#8221; posts_number=&#8221;3&#8243; include_categories=&#8221;1&#8243; show_more=&#8221;on&#8221; show_author=&#8221;off&#8221; show_categories=&#8221;off&#8221; show_pagination=&#8221;off&#8221; module_class=&#8221;latest-news&#8221; _builder_version=&#8221;3.18.7&#8243; header_level=&#8221;h4&#8243; header_font=&#8221;|600|||||||&#8221; meta_font=&#8221;||||||||&#8221; meta_text_color=&#8221;#61afc5&#8243; border_width_all=&#8221;0px&#8221;][\/et_pb_blog][\/et_pb_column][\/et_pb_row][\/et_pb_section]<\/p>\n","protected":false},"excerpt":{"rendered":"<p>[et_pb_section fb_built=&#8221;1&#8243; fullwidth=&#8221;on&#8221; _builder_version=&#8221;3.17.1&#8243;][et_pb_fullwidth_slider show_arrows=&#8221;off&#8221; show_pagination=&#8221;off&#8221; module_class=&#8221;bildspel&#8221; _builder_version=&#8221;3.18.7&#8243; header_level=&#8221;h4&#8243; header_font=&#8221;|600|||||||&#8221; body_font=&#8221;|700|||||||&#8221; custom_button=&#8221;on&#8221; button_text_size=&#8221;18px&#8221; button_text_color=&#8221;#ffffff&#8221; button_bg_color=&#8221;#61afc5&#8243; button_border_width=&#8221;0px&#8221; button_border_color=&#8221;#3eb1c8&#8243; button_border_radius=&#8221;0px&#8221; button_font=&#8221;|||on|||||&#8221; button_use_icon=&#8221;off&#8221; text_orientation=&#8221;left&#8221; custom_padding=&#8221;40%||40%||true&#8221;][et_pb_slide heading=&#8221;NYHET &#8211; framtiden \u00e4r artificiell teknik&#8221; button_text=&#8221;L\u00e4s mer&#8221; button_link=&#8221;https:\/\/attentionmedia.se\/demo\/large\/voiceprovider\/chat-bots\/&#8221; _builder_version=&#8221;3.17.1&#8243; header_level=&#8221;h4&#8243; header_font=&#8221;||||||||&#8221; header_font_size=&#8221;18px&#8221; header_font_size_phone=&#8221;22px&#8221; header_font_size_last_edited=&#8221;on|phone&#8221; body_font=&#8221;||||||||&#8221; body_text_color=&#8221;#000000&#8243; body_font_size=&#8221;40px&#8221; body_font_size_phone=&#8221;30px&#8221; body_font_size_last_edited=&#8221;on|phone&#8221; body_line_height=&#8221;1.2em&#8221; background_image=&#8221;https:\/\/attentionmedia.se\/demo\/large\/voiceprovider\/wp-content\/uploads\/2018\/11\/head_chatbots_voiceprovider.jpg&#8221; text_orientation=&#8221;left&#8221; background_layout=&#8221;light&#8221; custom_padding=&#8221;|||0px&#8221;]Chat Bots &#8211; en revolution f\u00f6r din kundtj\u00e4nst![\/et_pb_slide][\/et_pb_fullwidth_slider][\/et_pb_section][et_pb_section fb_built=&#8221;1&#8243; [&hellip;]<\/p>\n","protected":false},"author":1,"featured_media":0,"parent":0,"menu_order":0,"comment_status":"closed","ping_status":"closed","template":"","meta":{"_et_pb_use_builder":"on","_et_pb_old_content":"","_et_gb_content_width":""},"_links":{"self":[{"href":"https:\/\/attentionmedia.se\/demo\/large\/voiceprovider\/wp-json\/wp\/v2\/pages\/9"}],"collection":[{"href":"https:\/\/attentionmedia.se\/demo\/large\/voiceprovider\/wp-json\/wp\/v2\/pages"}],"about":[{"href":"https:\/\/attentionmedia.se\/demo\/large\/voiceprovider\/wp-json\/wp\/v2\/types\/page"}],"author":[{"embeddable":true,"href":"https:\/\/attentionmedia.se\/demo\/large\/voiceprovider\/wp-json\/wp\/v2\/users\/1"}],"replies":[{"embeddable":true,"href":"https:\/\/attentionmedia.se\/demo\/large\/voiceprovider\/wp-json\/wp\/v2\/comments?post=9"}],"version-history":[{"count":50,"href":"https:\/\/attentionmedia.se\/demo\/large\/voiceprovider\/wp-json\/wp\/v2\/pages\/9\/revisions"}],"predecessor-version":[{"id":2293,"href":"https:\/\/attentionmedia.se\/demo\/large\/voiceprovider\/wp-json\/wp\/v2\/pages\/9\/revisions\/2293"}],"wp:attachment":[{"href":"https:\/\/attentionmedia.se\/demo\/large\/voiceprovider\/wp-json\/wp\/v2\/media?parent=9"}],"curies":[{"name":"wp","href":"https:\/\/api.w.org\/{rel}","templated":true}]}}