{"id":1932,"date":"2018-11-08T17:41:10","date_gmt":"2018-11-08T16:41:10","guid":{"rendered":"https:\/\/attentionmedia.se\/demo\/large\/voiceprovider\/?page_id=1932"},"modified":"2018-11-12T12:03:27","modified_gmt":"2018-11-12T11:03:27","slug":"vardet-for-dig","status":"publish","type":"page","link":"https:\/\/attentionmedia.se\/demo\/large\/voiceprovider\/vardet-for-dig\/","title":{"rendered":"V\u00e4rdet f\u00f6r dig"},"content":{"rendered":"<p>[et_pb_section fb_built=&#8221;1&#8243; _builder_version=&#8221;3.17.1&#8243; background_image=&#8221;https:\/\/attentionmedia.se\/demo\/large\/voiceprovider\/wp-content\/uploads\/2018\/11\/black-and-white-cellular-cellular-telephone-257923.jpg&#8221; custom_padding=&#8221;57.953125px|0px|160px|0px|false|false&#8221;][\/et_pb_section][et_pb_section fb_built=&#8221;1&#8243; _builder_version=&#8221;3.17.1&#8243;][et_pb_row _builder_version=&#8221;3.17.1&#8243;][et_pb_column type=&#8221;1_5&#8243; _builder_version=&#8221;3.0.47&#8243; parallax=&#8221;off&#8221; parallax_method=&#8221;on&#8221;][\/et_pb_column][et_pb_column type=&#8221;3_5&#8243; _builder_version=&#8221;3.0.47&#8243; parallax=&#8221;off&#8221; parallax_method=&#8221;on&#8221;][et_pb_text _builder_version=&#8221;3.17.1&#8243; text_font=&#8221;|600|||||||&#8221; text_font_size=&#8221;18px&#8221; header_font=&#8221;|700|||||||&#8221; header_text_align=&#8221;center&#8221; text_orientation=&#8221;center&#8221;]<\/p>\n<h1>L\u00f6sningar som ser till<br \/>\nverksamhetens b\u00e4sta<\/h1>\n<p>En v\u00e4lfungerande helhet[\/et_pb_text][et_pb_text _builder_version=&#8221;3.17.1&#8243; text_font=&#8221;||||||||&#8221; text_orientation=&#8221;center&#8221;]N\u00e4r er kundtj\u00e4nst fungerar p\u00e5 b\u00e4sta m\u00f6jliga s\u00e4tt smittar det av sig p\u00e5 hela verksamheten. D\u00e4rf\u00f6r utformar vi alla v\u00e5ra l\u00f6sningar med hela personalen i \u00e5tanke. Det hj\u00e4lper er att arbeta effektivt, samtidigt som det alltid blir m\u00f6jligt f\u00f6r er att s\u00e4tta slutanv\u00e4ndaren i fokus f\u00f6r era aktiviteter. Uppt\u00e4ck hur v\u00e5ra produkter, tj\u00e4nster och funktioner kan gynna er organisation utifr\u00e5n olika perspektiv.[\/et_pb_text][et_pb_button button_url=&#8221;#kontakt&#8221; button_text=&#8221;Jag \u00e4r intresserad och vill veta mer!&#8221; button_alignment=&#8221;center&#8221; _builder_version=&#8221;3.17.1&#8243; background_layout=&#8221;dark&#8221;]&nbsp;<br \/>\n[\/et_pb_button][\/et_pb_column][et_pb_column type=&#8221;1_5&#8243; _builder_version=&#8221;3.0.47&#8243; parallax=&#8221;off&#8221; parallax_method=&#8221;on&#8221;][\/et_pb_column][\/et_pb_row][\/et_pb_section][et_pb_section fb_built=&#8221;1&#8243; _builder_version=&#8221;3.17.1&#8243;][et_pb_row custom_padding=&#8221;28.015625px|0px|60px|0px|false|false&#8221; _builder_version=&#8221;3.17.1&#8243;][et_pb_column type=&#8221;4_4&#8243; _builder_version=&#8221;3.17.1&#8243; parallax=&#8221;off&#8221; parallax_method=&#8221;on&#8221;][et_pb_circle_counter number=&#8221;61&#8243; circle_color_alpha=&#8221;0.5&#8243; _builder_version=&#8221;3.17.1&#8243; title_level=&#8221;h4&#8243; title_font=&#8221;||||||||&#8221; title_font_size=&#8221;16px&#8221; title_line_height=&#8221;1.3em&#8221; number_font=&#8221;||||||||&#8221; number_font_size=&#8221;50px&#8221;][\/et_pb_circle_counter][et_pb_text _builder_version=&#8221;3.17.1&#8243; text_font=&#8221;|700|||||||&#8221; text_font_size=&#8221;18px&#8221; text_orientation=&#8221;center&#8221;]av svenska f\u00f6retag har ingen dedikerad kundservicefunktion[\/et_pb_text][\/et_pb_column][\/et_pb_row][et_pb_row custom_padding=&#8221;30px|0px|26px|0px|false|false&#8221; _builder_version=&#8221;3.17.1&#8243;][et_pb_column type=&#8221;1_2&#8243; _builder_version=&#8221;3.0.47&#8243; parallax=&#8221;off&#8221; parallax_method=&#8221;on&#8221;][et_pb_blurb title=&#8221;F\u00f6rb\u00e4ttrad \u00f6verblick med f\u00f6renklade rutiner&#8221; use_icon=&#8221;on&#8221; font_icon=&#8221;%%202%%&#8221; icon_placement=&#8221;left&#8221; _builder_version=&#8221;3.17.1&#8243; header_font=&#8221;|600|||||||&#8221;]Med tanke p\u00e5 hur viktig kundserviceaspekten \u00e4r m\u00e5ste det vara enkelt f\u00f6r de som sitter p\u00e5 andra sidan. Det m\u00e5ste vara smidigt att f\u00e5 \u00f6verblick \u00f6ver arbetet och det m\u00e5ste finnas effektiva metoder f\u00f6r uppf\u00f6ljning \u2013 samtidigt som arbetet m\u00e5ste vara integrerat med alla \u00f6vriga aktiviteter inom organisationen[\/et_pb_blurb][\/et_pb_column][et_pb_column type=&#8221;1_2&#8243; _builder_version=&#8221;3.0.47&#8243; parallax=&#8221;off&#8221; parallax_method=&#8221;on&#8221;][et_pb_blurb title=&#8221;Vad ni s\u00f6ker efter&#8221; use_icon=&#8221;on&#8221; font_icon=&#8221;%%202%%&#8221; icon_placement=&#8221;left&#8221; _builder_version=&#8221;3.17.1&#8243; header_font=&#8221;|600|||||||&#8221;]D\u00e4rf\u00f6r vet vi att l\u00f6sningar som kan f\u00f6renkla era rutiner och spara tid \u00e4r h\u00f6gt prioriterat. Ni vill inte \u00f6dsla tid p\u00e5 att implementera \u00f6verkomplicerade system, som i slut\u00e4ndan kostar mer \u00e4n de smakar i alla fall.[\/et_pb_blurb][\/et_pb_column][\/et_pb_row][et_pb_row custom_padding=&#8221;50px|0px|50px|0px|true|false&#8221; _builder_version=&#8221;3.17.1&#8243;][et_pb_column type=&#8221;1_5&#8243; _builder_version=&#8221;3.0.47&#8243; parallax=&#8221;off&#8221; parallax_method=&#8221;on&#8221;][\/et_pb_column][et_pb_column type=&#8221;3_5&#8243; _builder_version=&#8221;3.0.47&#8243; parallax=&#8221;off&#8221; parallax_method=&#8221;on&#8221;][et_pb_blurb title=&#8221;L\u00f6sningar i flera led&#8221; use_icon=&#8221;on&#8221; font_icon=&#8221;%%202%%&#8221; icon_placement=&#8221;left&#8221; _builder_version=&#8221;3.17.1&#8243; header_font=&#8221;|600|||||||&#8221;]D\u00e4rf\u00f6r har vi utformat l\u00f6sningar som inom kundservice ger er nya m\u00f6jligheter att utvecklas som organisation \u2013 utan att det g\u00e5r ut \u00f6ver vare sig kundbem\u00f6tandet eller er verksamhets effektivitet.[\/et_pb_blurb][\/et_pb_column][et_pb_column type=&#8221;1_5&#8243; _builder_version=&#8221;3.0.47&#8243; parallax=&#8221;off&#8221; parallax_method=&#8221;on&#8221;][\/et_pb_column][\/et_pb_row][\/et_pb_section][et_pb_section fb_built=&#8221;1&#8243; _builder_version=&#8221;3.17.1&#8243; custom_padding=&#8221;0|0px|56.03125px|0px|false|false&#8221;][et_pb_row make_equal=&#8221;on&#8221; background_color_1=&#8221;#61afc5&#8243; background_color_2=&#8221;#61afc5&#8243; background_color_3=&#8221;#61afc5&#8243; padding_top_bottom_link_1=&#8221;true&#8221; padding_top_bottom_link_2=&#8221;true&#8221; padding_top_bottom_link_3=&#8221;true&#8221; padding_left_right_link_1=&#8221;true&#8221; padding_left_right_link_2=&#8221;true&#8221; padding_left_right_link_3=&#8221;true&#8221; padding_top_1=&#8221;30px&#8221; padding_top_2=&#8221;30px&#8221; padding_top_3=&#8221;30px&#8221; padding_right_1=&#8221;30px&#8221; padding_right_2=&#8221;30px&#8221; padding_right_3=&#8221;30px&#8221; padding_bottom_1=&#8221;30px&#8221; padding_bottom_2=&#8221;30px&#8221; padding_bottom_3=&#8221;30px&#8221; padding_left_1=&#8221;30px&#8221; padding_left_2=&#8221;30px&#8221; padding_left_3=&#8221;30px&#8221; custom_css_main_1=&#8221;border-radius: 6px;&#8221; custom_css_main_2=&#8221;border-radius: 6px;&#8221; custom_css_main_3=&#8221;border-radius: 6px;&#8221; _builder_version=&#8221;3.17.1&#8243;][et_pb_column type=&#8221;1_3&#8243; _builder_version=&#8221;3.17.1&#8243; padding_bottom=&#8221;30px&#8221; padding_left=&#8221;30px&#8221; padding_right=&#8221;30px&#8221; padding_top=&#8221;30px&#8221; background_color=&#8221;#61afc5&#8243; parallax=&#8221;off&#8221; parallax_method=&#8221;on&#8221; custom_css_main=&#8221;border-radius: 6px;&#8221;][et_pb_text _builder_version=&#8221;3.17.1&#8243; text_font=&#8221;||||||||&#8221; header_font=&#8221;||||||||&#8221; text_orientation=&#8221;center&#8221; background_layout=&#8221;dark&#8221; custom_padding=&#8221;||20px&#8221;]<\/p>\n<h3>Administrat\u00f6rsverktyg<\/h3>\n<p>Ett webbaserat administrat\u00f6rsverktyg som sammanf\u00f6r alla viktiga funktioner inom ramarna f\u00f6r en och samma l\u00f6sning.[\/et_pb_text][et_pb_button button_url=&#8221;https:\/\/attentionmedia.se\/demo\/large\/voiceprovider\/kontaktcentersystem\/#administratorsverktyg&#8221; button_text=&#8221;L\u00e4s mer om administrat\u00f6rsverktyg&#8221; button_alignment=&#8221;center&#8221; module_class=&#8221;bottom&#8221; _builder_version=&#8221;3.17.1&#8243; custom_button=&#8221;on&#8221; button_text_size=&#8221;14px&#8221; button_bg_color=&#8221;#FF7F32&#8243; button_border_color=&#8221;#FF7F32&#8243; button_border_radius=&#8221;6px&#8221; button_font=&#8221;||||||||&#8221; button_use_icon=&#8221;off&#8221; background_layout=&#8221;dark&#8221;][\/et_pb_button][\/et_pb_column][et_pb_column type=&#8221;1_3&#8243; _builder_version=&#8221;3.17.1&#8243; padding_bottom=&#8221;30px&#8221; padding_left=&#8221;30px&#8221; padding_right=&#8221;30px&#8221; padding_top=&#8221;30px&#8221; background_color=&#8221;#61afc5&#8243; parallax=&#8221;off&#8221; parallax_method=&#8221;on&#8221; custom_css_main=&#8221;border-radius: 6px;&#8221;][et_pb_text _builder_version=&#8221;3.17.1&#8243; text_font=&#8221;||||||||&#8221; header_font=&#8221;||||||||&#8221; text_orientation=&#8221;center&#8221; background_layout=&#8221;dark&#8221; custom_padding=&#8221;||20px&#8221;]<\/p>\n<h3>Integration<\/h3>\n<p>Integrera era kundservicel\u00f6sningar med externa system som exempelvis externa datauppslag, sj\u00e4lvbetj\u00e4ning och kunskapsdatabaser med hj\u00e4lp av v\u00e5ra verktyg.[\/et_pb_text][et_pb_button button_url=&#8221;https:\/\/attentionmedia.se\/demo\/large\/voiceprovider\/kontaktcentersystem\/#integration&#8221; button_text=&#8221;L\u00e4s mer om integration&#8221; button_alignment=&#8221;center&#8221; module_class=&#8221;bottom&#8221; _builder_version=&#8221;3.17.1&#8243; custom_button=&#8221;on&#8221; button_text_size=&#8221;14px&#8221; button_bg_color=&#8221;#FF7F32&#8243; button_border_color=&#8221;#FF7F32&#8243; button_border_radius=&#8221;6px&#8221; button_font=&#8221;||||||||&#8221; button_use_icon=&#8221;off&#8221; background_layout=&#8221;dark&#8221;][\/et_pb_button][\/et_pb_column][et_pb_column type=&#8221;1_3&#8243; _builder_version=&#8221;3.17.1&#8243; padding_bottom=&#8221;30px&#8221; padding_left=&#8221;30px&#8221; padding_right=&#8221;30px&#8221; padding_top=&#8221;30px&#8221; background_color=&#8221;#61afc5&#8243; parallax=&#8221;off&#8221; parallax_method=&#8221;on&#8221; custom_css_main=&#8221;border-radius: 6px;&#8221;][et_pb_text _builder_version=&#8221;3.17.1&#8243; text_font=&#8221;||||||||&#8221; header_font=&#8221;||||||||&#8221; text_orientation=&#8221;center&#8221; background_layout=&#8221;dark&#8221; custom_padding=&#8221;||20px&#8221;]<\/p>\n<h3>Uppf\u00f6ljning<\/h3>\n<p>Effektivisera er kundservice med hj\u00e4lp av v\u00e5ra verktyg f\u00f6r uppf\u00f6ljning via statistik och wallboards.[\/et_pb_text][et_pb_button button_url=&#8221;https:\/\/attentionmedia.se\/demo\/large\/voiceprovider\/kontaktcentersystem\/#uppfoljning&#8221; button_text=&#8221;L\u00e4s mer om uppf\u00f6ljning&#8221; button_alignment=&#8221;center&#8221; module_class=&#8221;bottom&#8221; _builder_version=&#8221;3.17.1&#8243; custom_button=&#8221;on&#8221; button_text_size=&#8221;14px&#8221; button_bg_color=&#8221;#FF7F32&#8243; button_border_color=&#8221;#FF7F32&#8243; button_border_radius=&#8221;6px&#8221; button_font=&#8221;||||||||&#8221; button_use_icon=&#8221;off&#8221; background_layout=&#8221;dark&#8221;][\/et_pb_button][\/et_pb_column][\/et_pb_row][\/et_pb_section][et_pb_section fb_built=&#8221;1&#8243; module_id=&#8221;kontakt&#8221; _builder_version=&#8221;3.17.1&#8243; background_color=&#8221;#f7f7f7&#8243; saved_tabs=&#8221;all&#8221;][et_pb_row _builder_version=&#8221;3.17.1&#8243;][et_pb_column type=&#8221;3_4&#8243; _builder_version=&#8221;3.0.47&#8243; parallax=&#8221;off&#8221; parallax_method=&#8221;on&#8221;][et_pb_cta title=&#8221;Vi hj\u00e4lper er att uppn\u00e5 best\u00e5ende resultat&#8221; button_url=&#8221;tel:+46739420006&#8243; button_text=&#8221;Ring Jonas p\u00e5 en g\u00e5ng&#8221; _builder_version=&#8221;3.17.1&#8243; header_level=&#8221;h4&#8243; header_font=&#8221;|600|||||||&#8221; body_font=&#8221;||||||||&#8221; background_color=&#8221;#ffffff&#8221; custom_button=&#8221;on&#8221; button_text_size=&#8221;16px&#8221; button_text_color=&#8221;#ffffff&#8221; button_font=&#8221;||||||||&#8221; button_use_icon=&#8221;off&#8221; text_orientation=&#8221;left&#8221; background_layout=&#8221;light&#8221;]<\/p>\n<ul>\n<li>Personligt, kunnigt och snabbt bem\u00f6tande online<\/li>\n<li>Integrerbar l\u00f6sning<\/li>\n<li>Avlastar er personal genom att hantera \u00e4renden automatiskt.<\/li>\n<\/ul>\n<p>[\/et_pb_cta][\/et_pb_column][et_pb_column type=&#8221;1_4&#8243; _builder_version=&#8221;3.0.47&#8243; parallax=&#8221;off&#8221; parallax_method=&#8221;on&#8221;][et_pb_team_member name=&#8221;Jonas Lindqvist&#8221; position=&#8221;KAM&#8221; image_url=&#8221;https:\/\/attentionmedia.se\/demo\/large\/voiceprovider\/wp-content\/uploads\/2018\/11\/Sk\u00e4rmavbild-2017-06-14-kl.-08.48.03.png&#8221; admin_label=&#8221;Jonas&#8221; _builder_version=&#8221;3.17.1&#8243; header_level=&#8221;h3&#8243; header_font=&#8221;||||||||&#8221; header_text_color=&#8221;#000000&#8243; body_font=&#8221;||||||||&#8221; body_text_color=&#8221;#0c0c0c&#8221; custom_css_member_image=&#8221;display: inline-block;&#8221;]<a class=\"contact-phone\" title=\"Ring till Jonas Lindqvist\" href=\"tel:0046739420006\">+46 73-942 00 06<\/a><br \/>\n<a class=\"contact-email\" title=\"Skicka e-post till Jonas Lindqvist\" href=\"mailto:jonas.lindqvist@voiceprovider.com\">jonas.lindqvist@<br \/>\nvoiceprovider.com<\/a><br \/>\n[\/et_pb_team_member][\/et_pb_column][\/et_pb_row][\/et_pb_section]<\/p>\n","protected":false},"excerpt":{"rendered":"<p>[et_pb_section fb_built=&#8221;1&#8243; _builder_version=&#8221;3.17.1&#8243; background_image=&#8221;https:\/\/attentionmedia.se\/demo\/large\/voiceprovider\/wp-content\/uploads\/2018\/11\/black-and-white-cellular-cellular-telephone-257923.jpg&#8221; custom_padding=&#8221;57.953125px|0px|160px|0px|false|false&#8221;][\/et_pb_section][et_pb_section fb_built=&#8221;1&#8243; _builder_version=&#8221;3.17.1&#8243;][et_pb_row _builder_version=&#8221;3.17.1&#8243;][et_pb_column type=&#8221;1_5&#8243; _builder_version=&#8221;3.0.47&#8243; parallax=&#8221;off&#8221; parallax_method=&#8221;on&#8221;][\/et_pb_column][et_pb_column type=&#8221;3_5&#8243; _builder_version=&#8221;3.0.47&#8243; parallax=&#8221;off&#8221; parallax_method=&#8221;on&#8221;][et_pb_text _builder_version=&#8221;3.17.1&#8243; text_font=&#8221;|600|||||||&#8221; text_font_size=&#8221;18px&#8221; header_font=&#8221;|700|||||||&#8221; header_text_align=&#8221;center&#8221; text_orientation=&#8221;center&#8221;] L\u00f6sningar som ser till verksamhetens b\u00e4sta En v\u00e4lfungerande helhet[\/et_pb_text][et_pb_text _builder_version=&#8221;3.17.1&#8243; text_font=&#8221;||||||||&#8221; text_orientation=&#8221;center&#8221;]N\u00e4r er kundtj\u00e4nst fungerar p\u00e5 b\u00e4sta m\u00f6jliga s\u00e4tt smittar det av sig p\u00e5 hela verksamheten. D\u00e4rf\u00f6r utformar vi alla v\u00e5ra l\u00f6sningar med [&hellip;]<\/p>\n","protected":false},"author":1,"featured_media":0,"parent":0,"menu_order":0,"comment_status":"closed","ping_status":"closed","template":"","meta":{"_et_pb_use_builder":"on","_et_pb_old_content":"","_et_gb_content_width":""},"_links":{"self":[{"href":"https:\/\/attentionmedia.se\/demo\/large\/voiceprovider\/wp-json\/wp\/v2\/pages\/1932"}],"collection":[{"href":"https:\/\/attentionmedia.se\/demo\/large\/voiceprovider\/wp-json\/wp\/v2\/pages"}],"about":[{"href":"https:\/\/attentionmedia.se\/demo\/large\/voiceprovider\/wp-json\/wp\/v2\/types\/page"}],"author":[{"embeddable":true,"href":"https:\/\/attentionmedia.se\/demo\/large\/voiceprovider\/wp-json\/wp\/v2\/users\/1"}],"replies":[{"embeddable":true,"href":"https:\/\/attentionmedia.se\/demo\/large\/voiceprovider\/wp-json\/wp\/v2\/comments?post=1932"}],"version-history":[{"count":24,"href":"https:\/\/attentionmedia.se\/demo\/large\/voiceprovider\/wp-json\/wp\/v2\/pages\/1932\/revisions"}],"predecessor-version":[{"id":2213,"href":"https:\/\/attentionmedia.se\/demo\/large\/voiceprovider\/wp-json\/wp\/v2\/pages\/1932\/revisions\/2213"}],"wp:attachment":[{"href":"https:\/\/attentionmedia.se\/demo\/large\/voiceprovider\/wp-json\/wp\/v2\/media?parent=1932"}],"curies":[{"name":"wp","href":"https:\/\/api.w.org\/{rel}","templated":true}]}}