{"id":1741,"date":"2018-10-17T11:53:01","date_gmt":"2018-10-17T09:53:01","guid":{"rendered":"https:\/\/attentionmedia.se\/demo\/large\/voiceprovider\/?page_id=1741"},"modified":"2018-11-12T12:01:22","modified_gmt":"2018-11-12T11:01:22","slug":"webb-digitalt-stod","status":"publish","type":"page","link":"https:\/\/attentionmedia.se\/demo\/large\/voiceprovider\/webb-digitalt-stod\/","title":{"rendered":"Webb digitalt st\u00f6d"},"content":{"rendered":"<p>[et_pb_section fb_built=&#8221;1&#8243; _builder_version=&#8221;3.17.1&#8243; background_image=&#8221;https:\/\/attentionmedia.se\/demo\/large\/voiceprovider\/wp-content\/uploads\/2018\/11\/blur-businessman-cellphone-943628.jpg&#8221; custom_padding=&#8221;120px|0px|120px|0px|true|false&#8221;][et_pb_row _builder_version=&#8221;3.17.1&#8243;][et_pb_column type=&#8221;4_4&#8243; _builder_version=&#8221;3.17.1&#8243; parallax=&#8221;off&#8221; parallax_method=&#8221;on&#8221;][\/et_pb_column][\/et_pb_row][\/et_pb_section][et_pb_section fb_built=&#8221;1&#8243; _builder_version=&#8221;3.17.1&#8243; custom_padding=&#8221;60px|0px|30px|0px|false|false&#8221;][et_pb_row _builder_version=&#8221;3.17.1&#8243;][et_pb_column type=&#8221;1_5&#8243; _builder_version=&#8221;3.0.47&#8243; parallax=&#8221;off&#8221; parallax_method=&#8221;on&#8221;][\/et_pb_column][et_pb_column type=&#8221;3_5&#8243; _builder_version=&#8221;3.0.47&#8243; parallax=&#8221;off&#8221; parallax_method=&#8221;on&#8221;][et_pb_text _builder_version=&#8221;3.17.1&#8243; text_font=&#8221;|600|||||||&#8221; text_font_size=&#8221;18px&#8221; header_font=&#8221;|700|||||||&#8221; header_text_align=&#8221;center&#8221; header_text_color=&#8221;#61afc5&#8243; text_orientation=&#8221;center&#8221;]<\/p>\n<h1>Webb digitalt st\u00f6d<\/h1>\n<p>Anv\u00e4ndarv\u00e4nliga st\u00f6d f\u00f6r kunden p\u00e5 er webb[\/et_pb_text][et_pb_text _builder_version=&#8221;3.17.1&#8243; text_font=&#8221;||||||||&#8221; text_orientation=&#8221;center&#8221;]Voice Provider levererar funktioner f\u00f6r alla kommunikationskanaler som \u00e4r aktuella f\u00f6r er verksamhet. Uppt\u00e4ck n\u00e5gra av de digitala st\u00f6d som ni kan erbjuda era kunder.[\/et_pb_text][\/et_pb_column][et_pb_column type=&#8221;1_5&#8243; _builder_version=&#8221;3.0.47&#8243; parallax=&#8221;off&#8221; parallax_method=&#8221;on&#8221;][\/et_pb_column][\/et_pb_row][\/et_pb_section][et_pb_section fb_built=&#8221;1&#8243; _builder_version=&#8221;3.17.1&#8243; custom_padding=&#8221;30px|0px|60px|0px|false|false&#8221;][et_pb_row custom_padding=&#8221;28.328125px|0px|50px|0px|false|false&#8221; _builder_version=&#8221;3.17.1&#8243;][et_pb_column type=&#8221;1_2&#8243; _builder_version=&#8221;3.0.47&#8243; parallax=&#8221;off&#8221; parallax_method=&#8221;on&#8221;][et_pb_blurb title=&#8221;Web Callback&#8221; use_icon=&#8221;on&#8221; font_icon=&#8221;%%13%%&#8221; icon_placement=&#8221;left&#8221; _builder_version=&#8221;3.17.1&#8243; header_font=&#8221;|600|||||||&#8221;]Med hj\u00e4lp av v\u00e5r l\u00f6sning kan kunden initiera ett callback-\u00e4rende fr\u00e5n er webbplats och \u00e4rendet styrs automatiskt till r\u00e4tt person eller grupp hos er.[\/et_pb_blurb][\/et_pb_column][et_pb_column type=&#8221;1_2&#8243; _builder_version=&#8221;3.0.47&#8243; parallax=&#8221;off&#8221; parallax_method=&#8221;on&#8221;][et_pb_blurb title=&#8221;Semantisk FAQ&#8221; use_icon=&#8221;on&#8221; font_icon=&#8221;%%15%%&#8221; icon_placement=&#8221;left&#8221; _builder_version=&#8221;3.17.1&#8243; header_font=&#8221;|600|||||||&#8221;]Er kunskapsdatabas kan b\u00e5de anv\u00e4ndas som en semantisk FAQ p\u00e5 er webbplats och som ett internt st\u00f6d f\u00f6r era agenter. Oavsett hur ni anv\u00e4nder det har ni alltid tillg\u00e5ng till ett anv\u00e4ndarv\u00e4nligt gr\u00e4nssnitt.[\/et_pb_blurb][\/et_pb_column][\/et_pb_row][et_pb_row custom_padding=&#8221;50px|0px|50px|0px|false|false&#8221; _builder_version=&#8221;3.17.1&#8243;][et_pb_column type=&#8221;4_4&#8243; _builder_version=&#8221;3.17.1&#8243; parallax=&#8221;off&#8221; parallax_method=&#8221;on&#8221;][et_pb_blurb title=&#8221;Webbformul\u00e4r&#8221; use_icon=&#8221;on&#8221; font_icon=&#8221;%%73%%&#8221; icon_placement=&#8221;left&#8221; _builder_version=&#8221;3.17.1&#8243; header_font=&#8221;|600|||||||&#8221;]L\u00e5t era kunder nyttja de epostformul\u00e4r som ing\u00e5r i CCL-systemet. Formul\u00e4ren har en automatiserad svarshantering som \u00e4r integrerad med \u00f6vriga kommunikationskanaler.[\/et_pb_blurb][\/et_pb_column][\/et_pb_row][et_pb_row custom_padding=&#8221;50px|0px|25.578125px|0px|false|false&#8221; _builder_version=&#8221;3.17.1&#8243;][et_pb_column type=&#8221;1_3&#8243; _builder_version=&#8221;3.17.1&#8243; parallax=&#8221;off&#8221; parallax_method=&#8221;on&#8221;][\/et_pb_column][et_pb_column type=&#8221;1_3&#8243; _builder_version=&#8221;3.17.1&#8243; parallax=&#8221;off&#8221; parallax_method=&#8221;on&#8221;][et_pb_blurb title=&#8221;L\u00e4s kundber\u00e4ttelse&#8221; use_icon=&#8221;on&#8221; font_icon=&#8221;%%86%%&#8221; icon_color=&#8221;#61afc5&#8243; use_circle=&#8221;on&#8221; circle_color=&#8221;#ffffff&#8221; icon_placement=&#8221;left&#8221; use_icon_font_size=&#8221;on&#8221; icon_font_size=&#8221;50px&#8221; module_class=&#8221;action&#8221; _builder_version=&#8221;3.17.1&#8243; background_color=&#8221;#61afc5&#8243; border_radii=&#8221;on|6px|6px|6px|6px&#8221; background_layout=&#8221;dark&#8221; custom_padding=&#8221;20px|20px|20px|20px|true|true&#8221; link_option_url=&#8221;https:\/\/attentionmedia.se\/demo\/large\/voiceprovider\/projekt\/stena-line\/&#8221;][\/et_pb_blurb][\/et_pb_column][et_pb_column type=&#8221;1_3&#8243; _builder_version=&#8221;3.17.1&#8243; parallax=&#8221;off&#8221; parallax_method=&#8221;on&#8221;][\/et_pb_column][\/et_pb_row][\/et_pb_section][et_pb_section fb_built=&#8221;1&#8243; module_id=&#8221;kontakt&#8221; _builder_version=&#8221;3.17.1&#8243; background_color=&#8221;#f7f7f7&#8243; saved_tabs=&#8221;all&#8221;][et_pb_row _builder_version=&#8221;3.17.1&#8243;][et_pb_column type=&#8221;3_4&#8243; _builder_version=&#8221;3.0.47&#8243; parallax=&#8221;off&#8221; parallax_method=&#8221;on&#8221;][et_pb_cta title=&#8221;Vi hj\u00e4lper er att uppn\u00e5 best\u00e5ende resultat&#8221; button_url=&#8221;tel:+46707234200&#8243; button_text=&#8221;Ring Johan p\u00e5 en g\u00e5ng&#8221; _builder_version=&#8221;3.17.1&#8243; header_level=&#8221;h4&#8243; header_font=&#8221;|600|||||||&#8221; body_font=&#8221;||||||||&#8221; background_color=&#8221;#ffffff&#8221; custom_button=&#8221;on&#8221; button_text_size=&#8221;16px&#8221; button_text_color=&#8221;#ffffff&#8221; text_orientation=&#8221;left&#8221; background_layout=&#8221;light&#8221; button_font=&#8221;||||||||&#8221;]<\/p>\n<ul>\n<li>Flera valbara, digitala st\u00f6d<\/li>\n<li>Automatiserad styrning<\/li>\n<li>Ett stabilt, internt st\u00f6d<\/li>\n<\/ul>\n<p>[\/et_pb_cta][\/et_pb_column][et_pb_column type=&#8221;1_4&#8243; _builder_version=&#8221;3.0.47&#8243; parallax=&#8221;off&#8221; parallax_method=&#8221;on&#8221;][et_pb_team_member name=&#8221;Johan Thunstr\u00f6m&#8221; admin_label=&#8221;Mikael&#8221; _builder_version=&#8221;3.17.1&#8243; header_level=&#8221;h3&#8243; header_text_color=&#8221;#000000&#8243; body_text_color=&#8221;#0c0c0c&#8221; custom_margin=&#8221;20px||&#8221; filter_saturate=&#8221;0%&#8221; saved_tabs=&#8221;all&#8221;]<a class=\"contact-phone\" href=\"tel:0046707234200\" title=\"Ring till Johan Thunstr\u00f6m\">+46 70-723 42 00<\/a><br \/>\n<a href=\"mailto:johan.thunstrom@voiceprovider.com\" class=\"contact-email\" title=\"Skicka e-post till Johan Thunstr\u00f6m\">johan.thunstrom@<br \/>\nvoiceprovider.com<\/a>[\/et_pb_team_member][\/et_pb_column][\/et_pb_row][\/et_pb_section]<\/p>\n","protected":false},"excerpt":{"rendered":"<p>[et_pb_section fb_built=&#8221;1&#8243; _builder_version=&#8221;3.17.1&#8243; background_image=&#8221;https:\/\/attentionmedia.se\/demo\/large\/voiceprovider\/wp-content\/uploads\/2018\/11\/blur-businessman-cellphone-943628.jpg&#8221; custom_padding=&#8221;120px|0px|120px|0px|true|false&#8221;][et_pb_row _builder_version=&#8221;3.17.1&#8243;][et_pb_column type=&#8221;4_4&#8243; _builder_version=&#8221;3.17.1&#8243; parallax=&#8221;off&#8221; parallax_method=&#8221;on&#8221;][\/et_pb_column][\/et_pb_row][\/et_pb_section][et_pb_section fb_built=&#8221;1&#8243; _builder_version=&#8221;3.17.1&#8243; custom_padding=&#8221;60px|0px|30px|0px|false|false&#8221;][et_pb_row _builder_version=&#8221;3.17.1&#8243;][et_pb_column type=&#8221;1_5&#8243; _builder_version=&#8221;3.0.47&#8243; parallax=&#8221;off&#8221; parallax_method=&#8221;on&#8221;][\/et_pb_column][et_pb_column type=&#8221;3_5&#8243; _builder_version=&#8221;3.0.47&#8243; parallax=&#8221;off&#8221; parallax_method=&#8221;on&#8221;][et_pb_text _builder_version=&#8221;3.17.1&#8243; text_font=&#8221;|600|||||||&#8221; text_font_size=&#8221;18px&#8221; header_font=&#8221;|700|||||||&#8221; header_text_align=&#8221;center&#8221; header_text_color=&#8221;#61afc5&#8243; text_orientation=&#8221;center&#8221;] Webb digitalt st\u00f6d Anv\u00e4ndarv\u00e4nliga st\u00f6d f\u00f6r kunden p\u00e5 er webb[\/et_pb_text][et_pb_text _builder_version=&#8221;3.17.1&#8243; text_font=&#8221;||||||||&#8221; text_orientation=&#8221;center&#8221;]Voice Provider levererar funktioner f\u00f6r alla kommunikationskanaler som \u00e4r aktuella f\u00f6r er verksamhet. Uppt\u00e4ck [&hellip;]<\/p>\n","protected":false},"author":1,"featured_media":0,"parent":0,"menu_order":0,"comment_status":"closed","ping_status":"closed","template":"","meta":{"_et_pb_use_builder":"on","_et_pb_old_content":"","_et_gb_content_width":""},"_links":{"self":[{"href":"https:\/\/attentionmedia.se\/demo\/large\/voiceprovider\/wp-json\/wp\/v2\/pages\/1741"}],"collection":[{"href":"https:\/\/attentionmedia.se\/demo\/large\/voiceprovider\/wp-json\/wp\/v2\/pages"}],"about":[{"href":"https:\/\/attentionmedia.se\/demo\/large\/voiceprovider\/wp-json\/wp\/v2\/types\/page"}],"author":[{"embeddable":true,"href":"https:\/\/attentionmedia.se\/demo\/large\/voiceprovider\/wp-json\/wp\/v2\/users\/1"}],"replies":[{"embeddable":true,"href":"https:\/\/attentionmedia.se\/demo\/large\/voiceprovider\/wp-json\/wp\/v2\/comments?post=1741"}],"version-history":[{"count":27,"href":"https:\/\/attentionmedia.se\/demo\/large\/voiceprovider\/wp-json\/wp\/v2\/pages\/1741\/revisions"}],"predecessor-version":[{"id":2210,"href":"https:\/\/attentionmedia.se\/demo\/large\/voiceprovider\/wp-json\/wp\/v2\/pages\/1741\/revisions\/2210"}],"wp:attachment":[{"href":"https:\/\/attentionmedia.se\/demo\/large\/voiceprovider\/wp-json\/wp\/v2\/media?parent=1741"}],"curies":[{"name":"wp","href":"https:\/\/api.w.org\/{rel}","templated":true}]}}