{"id":3508,"date":"2019-02-26T15:50:30","date_gmt":"2019-02-26T14:50:30","guid":{"rendered":"https:\/\/attentionmedia.se\/demo\/large\/karosseriverken\/?page_id=3508"},"modified":"2019-08-13T12:00:12","modified_gmt":"2019-08-13T10:00:12","slug":"om-oss","status":"publish","type":"page","link":"https:\/\/attentionmedia.se\/demo\/large\/karosseriverken\/om-oss\/","title":{"rendered":"Om oss"},"content":{"rendered":"<p>[et_pb_section fb_built=&#8221;1&#8243; _builder_version=&#8221;3.18.7&#8243; background_color=&#8221;#f3f3f3&#8243; custom_padding=&#8221;0|0px|0|0px|false|false&#8221; global_module=&#8221;3469&#8243; saved_tabs=&#8221;all&#8221;][et_pb_row _builder_version=&#8221;3.25&#8243;][et_pb_column type=&#8221;4_4&#8243; _builder_version=&#8221;3.0.47&#8243; custom_padding=&#8221;|||&#8221; custom_padding__hover=&#8221;|||&#8221;][et_pb_code module_class=&#8221;breadcrumbs&#8221; _builder_version=&#8221;3.18.7&#8243;]<span><span><a href=\"https:\/\/attentionmedia.se\/demo\/large\/karosseriverken\/\">Hem<\/a><\/span>[\/et_pb_code][\/et_pb_column][\/et_pb_row][\/et_pb_section][et_pb_section fb_built=&#8221;1&#8243; _builder_version=&#8221;3.22.3&#8243;][et_pb_row _builder_version=&#8221;3.25&#8243;][et_pb_column type=&#8221;4_4&#8243; _builder_version=&#8221;3.25&#8243; custom_padding=&#8221;|||&#8221; custom_padding__hover=&#8221;|||&#8221;][et_pb_post_title meta=&#8221;off&#8221; featured_image=&#8221;off&#8221; _builder_version=&#8221;3.19.18&#8243;][\/et_pb_post_title][\/et_pb_column][\/et_pb_row][et_pb_row _builder_version=&#8221;3.25&#8243;][et_pb_column type=&#8221;4_4&#8243; _builder_version=&#8221;3.25&#8243; custom_padding=&#8221;|||&#8221; custom_padding__hover=&#8221;|||&#8221;][et_pb_text _builder_version=&#8221;3.26.6&#8243;]<\/p>\n<p>Karosseriverken ing\u00e5r tillsammans med varum\u00e4rket Euro-Lans i Nordic Vehicle Conversion AB. Karosseriverken \u00e4r v\u00e4lk\u00e4nt f\u00f6r sina gedigna p\u00e5byggnationer av fordon f\u00f6r yrkesm\u00e4ssig persontrafik och erbjuder flera milj\u00f6v\u00e4nliga, ekonomiska samt kostnadseffektiva l\u00f6sningar p\u00e5 flera olika plattformar.<\/p>\n<p>Karosseriverken anpassar och utrustar fordon f\u00f6r f\u00e4rdtj\u00e4nst och persontransport fr\u00e5n 5 till 19 passagerare. Dessutom kan vi erbjuda fordon f\u00f6r andra speciella \u00e4ndam\u00e5l s\u00e5som skolbussar, taxi, l\u00e5ggolvsbussar och turistbussar. Verksamheten p\u00e5 Karosseriverken i Backaryd g\u00e5r s\u00e5 l\u00e5ngt tillbaka som till 1957, d\u00e5 inredning av taxibilar och skolbussar startade och idag \u00e4r vi ett ledande f\u00f6retag inom denna typ av produkter.<\/p>\n<p>[\/et_pb_text][\/et_pb_column][\/et_pb_row][\/et_pb_section]<\/p>\n","protected":false},"excerpt":{"rendered":"<p>[et_pb_section fb_built=&#8221;1&#8243; _builder_version=&#8221;3.18.7&#8243; background_color=&#8221;#f3f3f3&#8243; custom_padding=&#8221;0|0px|0|0px|false|false&#8221; global_module=&#8221;3469&#8243; saved_tabs=&#8221;all&#8221;][et_pb_row _builder_version=&#8221;3.25&#8243;][et_pb_column type=&#8221;4_4&#8243; _builder_version=&#8221;3.0.47&#8243; custom_padding=&#8221;|||&#8221; custom_padding__hover=&#8221;|||&#8221;][et_pb_code module_class=&#8221;breadcrumbs&#8221; _builder_version=&#8221;3.18.7&#8243;][\/et_pb_code][\/et_pb_column][\/et_pb_row][\/et_pb_section][et_pb_section fb_built=&#8221;1&#8243; _builder_version=&#8221;3.22.3&#8243;][et_pb_row _builder_version=&#8221;3.25&#8243;][et_pb_column type=&#8221;4_4&#8243; _builder_version=&#8221;3.25&#8243; custom_padding=&#8221;|||&#8221; custom_padding__hover=&#8221;|||&#8221;][et_pb_post_title meta=&#8221;off&#8221; featured_image=&#8221;off&#8221; _builder_version=&#8221;3.19.18&#8243;][\/et_pb_post_title][\/et_pb_column][\/et_pb_row][et_pb_row _builder_version=&#8221;3.25&#8243;][et_pb_column type=&#8221;4_4&#8243; _builder_version=&#8221;3.25&#8243; custom_padding=&#8221;|||&#8221; custom_padding__hover=&#8221;|||&#8221;][et_pb_text _builder_version=&#8221;3.26.6&#8243;] Karosseriverken ing\u00e5r tillsammans med varum\u00e4rket Euro-Lans i Nordic Vehicle Conversion AB. Karosseriverken \u00e4r v\u00e4lk\u00e4nt f\u00f6r sina gedigna p\u00e5byggnationer av fordon f\u00f6r yrkesm\u00e4ssig persontrafik och erbjuder [&hellip;]<\/p>\n","protected":false},"author":1,"featured_media":0,"parent":0,"menu_order":0,"comment_status":"closed","ping_status":"closed","template":"","meta":{"_et_pb_use_builder":"on","_et_pb_old_content":"","_et_gb_content_width":""},"yoast_head":"<!-- This site is optimized with the Yoast SEO plugin v15.2 - https:\/\/yoast.com\/wordpress\/plugins\/seo\/ -->\n<title>Om oss - Karosseriverken<\/title>\n<meta name=\"robots\" content=\"noindex, follow, max-snippet:-1, max-image-preview:large, max-video-preview:-1\" \/>\n<meta property=\"og:locale\" content=\"sv_SE\" \/>\n<meta property=\"og:type\" content=\"article\" \/>\n<meta property=\"og:title\" content=\"Om oss - Karosseriverken\" \/>\n<meta property=\"og:description\" content=\"[et_pb_section fb_built=&#8221;1&#8243; _builder_version=&#8221;3.18.7&#8243; background_color=&#8221;#f3f3f3&#8243; custom_padding=&#8221;0|0px|0|0px|false|false&#8221; global_module=&#8221;3469&#8243; saved_tabs=&#8221;all&#8221;][et_pb_row _builder_version=&#8221;3.25&#8243;][et_pb_column type=&#8221;4_4&#8243; _builder_version=&#8221;3.0.47&#8243; custom_padding=&#8221;|||&#8221; custom_padding__hover=&#8221;|||&#8221;][et_pb_code module_class=&#8221;breadcrumbs&#8221; _builder_version=&#8221;3.18.7&#8243;][\/et_pb_code][\/et_pb_column][\/et_pb_row][\/et_pb_section][et_pb_section fb_built=&#8221;1&#8243; _builder_version=&#8221;3.22.3&#8243;][et_pb_row _builder_version=&#8221;3.25&#8243;][et_pb_column type=&#8221;4_4&#8243; _builder_version=&#8221;3.25&#8243; custom_padding=&#8221;|||&#8221; custom_padding__hover=&#8221;|||&#8221;][et_pb_post_title meta=&#8221;off&#8221; featured_image=&#8221;off&#8221; _builder_version=&#8221;3.19.18&#8243;][\/et_pb_post_title][\/et_pb_column][\/et_pb_row][et_pb_row _builder_version=&#8221;3.25&#8243;][et_pb_column type=&#8221;4_4&#8243; _builder_version=&#8221;3.25&#8243; custom_padding=&#8221;|||&#8221; custom_padding__hover=&#8221;|||&#8221;][et_pb_text _builder_version=&#8221;3.26.6&#8243;] Karosseriverken ing\u00e5r tillsammans med varum\u00e4rket Euro-Lans i Nordic Vehicle Conversion AB. Karosseriverken \u00e4r v\u00e4lk\u00e4nt f\u00f6r sina gedigna p\u00e5byggnationer av fordon f\u00f6r yrkesm\u00e4ssig persontrafik och erbjuder [&hellip;]\" \/>\n<meta property=\"og:url\" content=\"https:\/\/attentionmedia.se\/demo\/large\/karosseriverken\/om-oss\/\" \/>\n<meta property=\"og:site_name\" content=\"Karosseriverken\" \/>\n<meta property=\"article:modified_time\" content=\"2019-08-13T10:00:12+00:00\" \/>\n<meta name=\"twitter:card\" content=\"summary_large_image\" \/>\n<meta name=\"twitter:label1\" value=\"Skriven av\">\n\t<meta name=\"twitter:data1\" value=\"Adam\">\n\t<meta name=\"twitter:label2\" value=\"Est. reading time\">\n\t<meta name=\"twitter:data2\" value=\"1 minut\">\n<script type=\"application\/ld+json\" class=\"yoast-schema-graph\">{\"@context\":\"https:\/\/schema.org\",\"@graph\":[{\"@type\":\"WebSite\",\"@id\":\"https:\/\/attentionmedia.se\/demo\/large\/karosseriverken\/#website\",\"url\":\"https:\/\/attentionmedia.se\/demo\/large\/karosseriverken\/\",\"name\":\"Karosseriverken\",\"description\":\"P\\u00e5byggnationer, handikappsanpassning, f\\u00e4rdtj\\u00e4nst, skolskjuts, taxifordon\",\"potentialAction\":[{\"@type\":\"SearchAction\",\"target\":\"https:\/\/attentionmedia.se\/demo\/large\/karosseriverken\/?s={search_term_string}\",\"query-input\":\"required name=search_term_string\"}],\"inLanguage\":\"sv-SE\"},{\"@type\":\"WebPage\",\"@id\":\"https:\/\/attentionmedia.se\/demo\/large\/karosseriverken\/om-oss\/#webpage\",\"url\":\"https:\/\/attentionmedia.se\/demo\/large\/karosseriverken\/om-oss\/\",\"name\":\"Om oss - Karosseriverken\",\"isPartOf\":{\"@id\":\"https:\/\/attentionmedia.se\/demo\/large\/karosseriverken\/#website\"},\"datePublished\":\"2019-02-26T14:50:30+00:00\",\"dateModified\":\"2019-08-13T10:00:12+00:00\",\"breadcrumb\":{\"@id\":\"https:\/\/attentionmedia.se\/demo\/large\/karosseriverken\/om-oss\/#breadcrumb\"},\"inLanguage\":\"sv-SE\",\"potentialAction\":[{\"@type\":\"ReadAction\",\"target\":[\"https:\/\/attentionmedia.se\/demo\/large\/karosseriverken\/om-oss\/\"]}]},{\"@type\":\"BreadcrumbList\",\"@id\":\"https:\/\/attentionmedia.se\/demo\/large\/karosseriverken\/om-oss\/#breadcrumb\",\"itemListElement\":[{\"@type\":\"ListItem\",\"position\":1,\"item\":{\"@type\":\"WebPage\",\"@id\":\"https:\/\/attentionmedia.se\/demo\/large\/karosseriverken\/\",\"url\":\"https:\/\/attentionmedia.se\/demo\/large\/karosseriverken\/\",\"name\":\"Hem\"}},{\"@type\":\"ListItem\",\"position\":2,\"item\":{\"@type\":\"WebPage\",\"@id\":\"https:\/\/attentionmedia.se\/demo\/large\/karosseriverken\/om-oss\/\",\"url\":\"https:\/\/attentionmedia.se\/demo\/large\/karosseriverken\/om-oss\/\",\"name\":\"Om oss\"}}]}]}<\/script>\n<!-- \/ Yoast SEO plugin. -->","_links":{"self":[{"href":"https:\/\/attentionmedia.se\/demo\/large\/karosseriverken\/wp-json\/wp\/v2\/pages\/3508"}],"collection":[{"href":"https:\/\/attentionmedia.se\/demo\/large\/karosseriverken\/wp-json\/wp\/v2\/pages"}],"about":[{"href":"https:\/\/attentionmedia.se\/demo\/large\/karosseriverken\/wp-json\/wp\/v2\/types\/page"}],"author":[{"embeddable":true,"href":"https:\/\/attentionmedia.se\/demo\/large\/karosseriverken\/wp-json\/wp\/v2\/users\/1"}],"replies":[{"embeddable":true,"href":"https:\/\/attentionmedia.se\/demo\/large\/karosseriverken\/wp-json\/wp\/v2\/comments?post=3508"}],"version-history":[{"count":3,"href":"https:\/\/attentionmedia.se\/demo\/large\/karosseriverken\/wp-json\/wp\/v2\/pages\/3508\/revisions"}],"predecessor-version":[{"id":3863,"href":"https:\/\/attentionmedia.se\/demo\/large\/karosseriverken\/wp-json\/wp\/v2\/pages\/3508\/revisions\/3863"}],"wp:attachment":[{"href":"https:\/\/attentionmedia.se\/demo\/large\/karosseriverken\/wp-json\/wp\/v2\/media?parent=3508"}],"curies":[{"name":"wp","href":"https:\/\/api.w.org\/{rel}","templated":true}]}}