{"id":3502,"date":"2019-02-26T15:49:48","date_gmt":"2019-02-26T14:49:48","guid":{"rendered":"https:\/\/attentionmedia.se\/demo\/large\/karosseriverken\/?page_id=3502"},"modified":"2019-09-03T13:11:53","modified_gmt":"2019-09-03T11:11:53","slug":"service","status":"publish","type":"page","link":"https:\/\/attentionmedia.se\/demo\/large\/karosseriverken\/service\/","title":{"rendered":"Service"},"content":{"rendered":"<p>[et_pb_section fb_built=&#8221;1&#8243; _builder_version=&#8221;3.18.7&#8243; background_color=&#8221;#f3f3f3&#8243; custom_padding=&#8221;0|0px|0|0px|false|false&#8221; global_module=&#8221;3469&#8243; saved_tabs=&#8221;all&#8221;][et_pb_row _builder_version=&#8221;3.25&#8243;][et_pb_column type=&#8221;4_4&#8243; _builder_version=&#8221;3.0.47&#8243; custom_padding=&#8221;|||&#8221; custom_padding__hover=&#8221;|||&#8221;][et_pb_code module_class=&#8221;breadcrumbs&#8221; _builder_version=&#8221;3.18.7&#8243;]<span><span><a href=\"https:\/\/attentionmedia.se\/demo\/large\/karosseriverken\/\">Hem<\/a><\/span>[\/et_pb_code][\/et_pb_column][\/et_pb_row][\/et_pb_section][et_pb_section fb_built=&#8221;1&#8243; _builder_version=&#8221;3.22.3&#8243;][et_pb_row _builder_version=&#8221;3.25&#8243;][et_pb_column type=&#8221;4_4&#8243; _builder_version=&#8221;3.25&#8243; custom_padding=&#8221;|||&#8221; custom_padding__hover=&#8221;|||&#8221;][et_pb_post_title meta=&#8221;off&#8221; featured_image=&#8221;off&#8221; _builder_version=&#8221;3.23.3&#8243;][\/et_pb_post_title][et_pb_text _builder_version=&#8221;3.23.3&#8243;]<\/p>\n<p>Utbildade tekniker finns beredda hos v\u00e5ra <strong>Servicepartner<\/strong> och <strong>Serviceverkst\u00e4der <\/strong>f\u00f6r att hj\u00e4lpa dig med snabb service. Vi har samarbete med de flesta <strong>M\u00e4rkesverkst\u00e4der<\/strong> f\u00f6r Mercedes, Ford, Renault, Nissan, Opel och Volkswagen. Ut\u00f6ver dessa s\u00e5 har vi ocks\u00e5 samarbete med andra verkst\u00e4der som arbetar med v\u00e5ra specialfordon. Flera av verkst\u00e4derna har genomg\u00e5tt utbildning av v\u00e5ra produkter.<\/p>\n<p>V\u00e5rt m\u00e5l \u00e4r att du ska ha fordon som inte st\u00e5r still.<\/p>\n<p>[\/et_pb_text][\/et_pb_column][\/et_pb_row][et_pb_row _builder_version=&#8221;3.25&#8243; custom_padding=&#8221;||0px|||&#8221;][et_pb_column type=&#8221;4_4&#8243; _builder_version=&#8221;3.25&#8243; custom_padding=&#8221;|||&#8221; custom_padding__hover=&#8221;|||&#8221;][et_pb_text _builder_version=&#8221;3.23.3&#8243; header_font=&#8221;||||||||&#8221; header_2_font=&#8221;||||||||&#8221; header_3_font=&#8221;||||||||&#8221;]<\/p>\n<h3>Servicepartners:<\/h3>\n<p>[\/et_pb_text][\/et_pb_column][\/et_pb_row][et_pb_row _builder_version=&#8221;3.25&#8243; column_structure=&#8221;1_2,1_2&#8243;][et_pb_column type=&#8221;1_2&#8243; _builder_version=&#8221;3.25&#8243; custom_padding=&#8221;|||&#8221; custom_padding__hover=&#8221;|||&#8221;][et_pb_text _builder_version=&#8221;3.23.3&#8243;]<\/p>\n<p><strong>Beya Milj\u00f6 o Transport\u00a0<img loading=\"lazy\" width=\"68\" height=\"25\" class=\"wp-image-3720 alignnone size-full\" alt=\"\" src=\"https:\/\/attentionmedia.se\/demo\/large\/karosseriverken\/wp-content\/uploads\/2019\/05\/meca-icon.png\" \/><br \/><\/strong>Novav\u00e4gen 17, HUDDINGE<br \/>Tel. 08-32 26 77<\/p>\n<p><strong>Salem Bilverkstad AB\u00a0<\/strong><img loading=\"lazy\" width=\"87\" height=\"20\" class=\"wp-image-3721 alignnone size-full\" alt=\"\" src=\"https:\/\/attentionmedia.se\/demo\/large\/karosseriverken\/wp-content\/uploads\/2019\/05\/mekonomen-icon.png\" \/><br \/> Bergsv\u00e4gen 47, R\u00d6NNINGE\/SALEM<br \/> Tel. 08-532 524 00<\/p>\n<p><strong>Omby Produktion AB\u00a0<img loading=\"lazy\" width=\"83\" height=\"18\" class=\"wp-image-3719 alignnone size-full\" alt=\"\" src=\"https:\/\/attentionmedia.se\/demo\/large\/karosseriverken\/wp-content\/uploads\/2019\/05\/autoexperten-icon.png\" \/><\/strong><br \/> Fagerstagatan 19 B, SP\u00c5NGA<br \/> Tel. 08-556 160 70<\/p>\n<p>[\/et_pb_text][\/et_pb_column][et_pb_column type=&#8221;1_2&#8243; _builder_version=&#8221;3.25&#8243; custom_padding=&#8221;|||&#8221; custom_padding__hover=&#8221;|||&#8221;][et_pb_text _builder_version=&#8221;3.23.3&#8243;]<\/p>\n<p><strong>Veho Bil\u00a0\u00a0<img loading=\"lazy\" src=\"https:\/\/attentionmedia.se\/demo\/large\/karosseriverken\/wp-content\/uploads\/2019\/05\/mercedes-icon.png\" width=\"20\" height=\"19\" alt=\"\" class=\"wp-image-3722 alignnone size-full\" \/><\/strong><br \/> K\u00f6rkarlsv\u00e4gen 7, KARLSTAD<br \/> Tel. 054-777 00 00<strong>\u00a0<\/strong><\/p>\n<p><strong>Helmia Bil AB <img loading=\"lazy\" src=\"https:\/\/attentionmedia.se\/demo\/large\/karosseriverken\/wp-content\/uploads\/2019\/05\/ford-icon.png\" width=\"64\" height=\"25\" alt=\"\" class=\"wp-image-3723 alignnone size-full\" \/> <img loading=\"lazy\" src=\"https:\/\/attentionmedia.se\/demo\/large\/karosseriverken\/wp-content\/uploads\/2019\/05\/renault-icon.png\" width=\"29\" height=\"35\" alt=\"\" class=\"wp-image-3724 alignnone size-full\" \/><\/strong><br \/> Packhusgatan 1, Karlstad<br \/> Tel. 054-775 41 00<\/p>\n<p><strong>Bildep\u00e5n\u00a0<img loading=\"lazy\" src=\"https:\/\/attentionmedia.se\/demo\/large\/karosseriverken\/wp-content\/uploads\/2019\/05\/ford-icon.png\" width=\"64\" height=\"25\" alt=\"\" class=\"wp-image-3723 alignnone size-full\" \/><\/strong><br \/> Susvindsv\u00e4gen 17, Varberg<br \/> Tel. 0340-504000<\/p>\n<p>[\/et_pb_text][\/et_pb_column][\/et_pb_row][et_pb_row _builder_version=&#8221;3.25&#8243; custom_padding=&#8221;||0px|||&#8221;][et_pb_column type=&#8221;4_4&#8243; _builder_version=&#8221;3.25&#8243; custom_padding=&#8221;|||&#8221; custom_padding__hover=&#8221;|||&#8221;][et_pb_text _builder_version=&#8221;3.23.3&#8243; header_font=&#8221;||||||||&#8221; header_2_font=&#8221;||||||||&#8221; header_3_font=&#8221;||||||||&#8221;]<\/p>\n<h3>Serviceverkst\u00e4der:<\/h3>\n<p>[\/et_pb_text][\/et_pb_column][\/et_pb_row][et_pb_row _builder_version=&#8221;3.25&#8243; column_structure=&#8221;1_2,1_2&#8243; custom_padding=&#8221;|||0px||&#8221;][et_pb_column type=&#8221;1_2&#8243; _builder_version=&#8221;3.25&#8243; custom_padding=&#8221;|||&#8221; custom_padding__hover=&#8221;|||&#8221;][et_pb_text _builder_version=&#8221;3.23.3&#8243;]<\/p>\n<p><strong>Martins Autocenter AB<br \/><\/strong>Mog\u00e5rdsv\u00e4gen 6, V\u00c5RBY<br \/>Tel. 08-710 95 00<\/p>\n<p><strong>Sandstr\u00f6ms Center i Malm\u00f6 AB<\/strong><br \/> Treh\u00f6gsgatan 11, MALM\u00d6<br \/> Tel. 040-22 11 20<\/p>\n<p><strong>Allbilverkstan i Malm\u00f6 AB<\/strong><br \/> Agnesfridsv\u00e4gen 183 B, MALM\u00d6<br \/> Tel. 040-21 08 35<\/p>\n<p><strong>Cartech i Ystad AB<\/strong><br \/> S\u00f6dra Zinkgatan 9, YSTAD<br \/> Tel. 0411-173 92<\/p>\n<p><strong>Rask &amp; Bj\u00f6rk Bil AB<\/strong><br \/> \u00d6sterv\u00e5ngsv\u00e4gen 12, BILLESHOLM<br \/> Tel. 042-724 15<\/p>\n<p><strong>C4 Transport AB<\/strong><br \/> Industrigatan 114, KRISTIANSTAD<br \/> Tel. 044- 20 00 00<\/p>\n<p>&nbsp;<\/p>\n<p>[\/et_pb_text][\/et_pb_column][et_pb_column type=&#8221;1_2&#8243; _builder_version=&#8221;3.25&#8243; custom_padding=&#8221;|||&#8221; custom_padding__hover=&#8221;|||&#8221;][et_pb_text _builder_version=&#8221;3.23.3&#8243;]<\/p>\n<p><strong>Hagalunds Bilverkstad<\/strong><br \/> Norrsundav\u00e4gen 210, ROSERSBERG<br \/> Tel. 08-122 181 10<\/p>\n<p><strong>S\u00f6derd\u00e4ck AB<\/strong><br \/> Bjurholmsplan 27, STOCKHOLM<br \/> Tel. 08-641 66 96<\/p>\n<p><strong>Mekonomen Bilverkstad Tyres\u00f6<\/strong><br \/> Vattenkraftsv\u00e4gen 5, STOCKHOLM<br \/> Tel. 08-604 30 30<\/p>\n<p><strong>Majvallen AB<\/strong><br \/> J\u00e4rnringen 8, PARTILLE<br \/> Tel. 031-47 33 00<\/p>\n<p><strong>Hurtigs Bil AB<\/strong><br \/> Solbr\u00e4ckegatan 25, KUNG\u00c4LV<br \/> Tel. 0303-20 94 40<\/p>\n<p>[\/et_pb_text][\/et_pb_column][\/et_pb_row][\/et_pb_section]<\/p>\n","protected":false},"excerpt":{"rendered":"<p>[et_pb_section fb_built=&#8221;1&#8243; _builder_version=&#8221;3.18.7&#8243; background_color=&#8221;#f3f3f3&#8243; custom_padding=&#8221;0|0px|0|0px|false|false&#8221; global_module=&#8221;3469&#8243; saved_tabs=&#8221;all&#8221;][et_pb_row _builder_version=&#8221;3.25&#8243;][et_pb_column type=&#8221;4_4&#8243; _builder_version=&#8221;3.0.47&#8243; custom_padding=&#8221;|||&#8221; custom_padding__hover=&#8221;|||&#8221;][et_pb_code module_class=&#8221;breadcrumbs&#8221; _builder_version=&#8221;3.18.7&#8243;][\/et_pb_code][\/et_pb_column][\/et_pb_row][\/et_pb_section][et_pb_section fb_built=&#8221;1&#8243; _builder_version=&#8221;3.22.3&#8243;][et_pb_row _builder_version=&#8221;3.25&#8243;][et_pb_column type=&#8221;4_4&#8243; _builder_version=&#8221;3.25&#8243; custom_padding=&#8221;|||&#8221; custom_padding__hover=&#8221;|||&#8221;][et_pb_post_title meta=&#8221;off&#8221; featured_image=&#8221;off&#8221; _builder_version=&#8221;3.23.3&#8243;][\/et_pb_post_title][et_pb_text _builder_version=&#8221;3.23.3&#8243;] Utbildade tekniker finns beredda hos v\u00e5ra Servicepartner och Serviceverkst\u00e4der f\u00f6r att hj\u00e4lpa dig med snabb service. Vi har samarbete med de flesta M\u00e4rkesverkst\u00e4der f\u00f6r Mercedes, Ford, Renault, Nissan, Opel och [&hellip;]<\/p>\n","protected":false},"author":1,"featured_media":0,"parent":0,"menu_order":0,"comment_status":"closed","ping_status":"closed","template":"","meta":{"_et_pb_use_builder":"on","_et_pb_old_content":"","_et_gb_content_width":""},"yoast_head":"<!-- This site is optimized with the Yoast SEO plugin v15.2 - https:\/\/yoast.com\/wordpress\/plugins\/seo\/ -->\n<title>Service - Karosseriverken<\/title>\n<meta name=\"robots\" content=\"noindex, follow, max-snippet:-1, max-image-preview:large, max-video-preview:-1\" \/>\n<meta property=\"og:locale\" content=\"sv_SE\" \/>\n<meta property=\"og:type\" content=\"article\" \/>\n<meta property=\"og:title\" content=\"Service - Karosseriverken\" \/>\n<meta property=\"og:description\" content=\"[et_pb_section fb_built=&#8221;1&#8243; _builder_version=&#8221;3.18.7&#8243; background_color=&#8221;#f3f3f3&#8243; custom_padding=&#8221;0|0px|0|0px|false|false&#8221; global_module=&#8221;3469&#8243; saved_tabs=&#8221;all&#8221;][et_pb_row _builder_version=&#8221;3.25&#8243;][et_pb_column type=&#8221;4_4&#8243; _builder_version=&#8221;3.0.47&#8243; custom_padding=&#8221;|||&#8221; custom_padding__hover=&#8221;|||&#8221;][et_pb_code module_class=&#8221;breadcrumbs&#8221; _builder_version=&#8221;3.18.7&#8243;][\/et_pb_code][\/et_pb_column][\/et_pb_row][\/et_pb_section][et_pb_section fb_built=&#8221;1&#8243; _builder_version=&#8221;3.22.3&#8243;][et_pb_row _builder_version=&#8221;3.25&#8243;][et_pb_column type=&#8221;4_4&#8243; _builder_version=&#8221;3.25&#8243; custom_padding=&#8221;|||&#8221; custom_padding__hover=&#8221;|||&#8221;][et_pb_post_title meta=&#8221;off&#8221; featured_image=&#8221;off&#8221; _builder_version=&#8221;3.23.3&#8243;][\/et_pb_post_title][et_pb_text _builder_version=&#8221;3.23.3&#8243;] Utbildade tekniker finns beredda hos v\u00e5ra Servicepartner och Serviceverkst\u00e4der f\u00f6r att hj\u00e4lpa dig med snabb service. Vi har samarbete med de flesta M\u00e4rkesverkst\u00e4der f\u00f6r Mercedes, Ford, Renault, Nissan, Opel och [&hellip;]\" \/>\n<meta property=\"og:url\" content=\"https:\/\/attentionmedia.se\/demo\/large\/karosseriverken\/service\/\" \/>\n<meta property=\"og:site_name\" content=\"Karosseriverken\" \/>\n<meta property=\"article:modified_time\" content=\"2019-09-03T11:11:53+00:00\" \/>\n<meta property=\"og:image\" content=\"https:\/\/attentionmedia.se\/demo\/large\/karosseriverken\/wp-content\/uploads\/2019\/05\/meca-icon.png\" \/>\n<meta name=\"twitter:card\" content=\"summary_large_image\" \/>\n<meta name=\"twitter:label1\" value=\"Skriven av\">\n\t<meta name=\"twitter:data1\" value=\"Adam\">\n\t<meta name=\"twitter:label2\" value=\"Est. reading time\">\n\t<meta name=\"twitter:data2\" value=\"2 minuter\">\n<script type=\"application\/ld+json\" class=\"yoast-schema-graph\">{\"@context\":\"https:\/\/schema.org\",\"@graph\":[{\"@type\":\"WebSite\",\"@id\":\"https:\/\/attentionmedia.se\/demo\/large\/karosseriverken\/#website\",\"url\":\"https:\/\/attentionmedia.se\/demo\/large\/karosseriverken\/\",\"name\":\"Karosseriverken\",\"description\":\"P\\u00e5byggnationer, handikappsanpassning, f\\u00e4rdtj\\u00e4nst, skolskjuts, taxifordon\",\"potentialAction\":[{\"@type\":\"SearchAction\",\"target\":\"https:\/\/attentionmedia.se\/demo\/large\/karosseriverken\/?s={search_term_string}\",\"query-input\":\"required name=search_term_string\"}],\"inLanguage\":\"sv-SE\"},{\"@type\":\"ImageObject\",\"@id\":\"https:\/\/attentionmedia.se\/demo\/large\/karosseriverken\/service\/#primaryimage\",\"inLanguage\":\"sv-SE\",\"url\":\"https:\/\/attentionmedia.se\/demo\/large\/karosseriverken\/wp-content\/uploads\/2019\/05\/meca-icon.png\",\"width\":68,\"height\":25},{\"@type\":\"WebPage\",\"@id\":\"https:\/\/attentionmedia.se\/demo\/large\/karosseriverken\/service\/#webpage\",\"url\":\"https:\/\/attentionmedia.se\/demo\/large\/karosseriverken\/service\/\",\"name\":\"Service - Karosseriverken\",\"isPartOf\":{\"@id\":\"https:\/\/attentionmedia.se\/demo\/large\/karosseriverken\/#website\"},\"primaryImageOfPage\":{\"@id\":\"https:\/\/attentionmedia.se\/demo\/large\/karosseriverken\/service\/#primaryimage\"},\"datePublished\":\"2019-02-26T14:49:48+00:00\",\"dateModified\":\"2019-09-03T11:11:53+00:00\",\"breadcrumb\":{\"@id\":\"https:\/\/attentionmedia.se\/demo\/large\/karosseriverken\/service\/#breadcrumb\"},\"inLanguage\":\"sv-SE\",\"potentialAction\":[{\"@type\":\"ReadAction\",\"target\":[\"https:\/\/attentionmedia.se\/demo\/large\/karosseriverken\/service\/\"]}]},{\"@type\":\"BreadcrumbList\",\"@id\":\"https:\/\/attentionmedia.se\/demo\/large\/karosseriverken\/service\/#breadcrumb\",\"itemListElement\":[{\"@type\":\"ListItem\",\"position\":1,\"item\":{\"@type\":\"WebPage\",\"@id\":\"https:\/\/attentionmedia.se\/demo\/large\/karosseriverken\/\",\"url\":\"https:\/\/attentionmedia.se\/demo\/large\/karosseriverken\/\",\"name\":\"Hem\"}},{\"@type\":\"ListItem\",\"position\":2,\"item\":{\"@type\":\"WebPage\",\"@id\":\"https:\/\/attentionmedia.se\/demo\/large\/karosseriverken\/service\/\",\"url\":\"https:\/\/attentionmedia.se\/demo\/large\/karosseriverken\/service\/\",\"name\":\"Service\"}}]}]}<\/script>\n<!-- \/ Yoast SEO plugin. -->","_links":{"self":[{"href":"https:\/\/attentionmedia.se\/demo\/large\/karosseriverken\/wp-json\/wp\/v2\/pages\/3502"}],"collection":[{"href":"https:\/\/attentionmedia.se\/demo\/large\/karosseriverken\/wp-json\/wp\/v2\/pages"}],"about":[{"href":"https:\/\/attentionmedia.se\/demo\/large\/karosseriverken\/wp-json\/wp\/v2\/types\/page"}],"author":[{"embeddable":true,"href":"https:\/\/attentionmedia.se\/demo\/large\/karosseriverken\/wp-json\/wp\/v2\/users\/1"}],"replies":[{"embeddable":true,"href":"https:\/\/attentionmedia.se\/demo\/large\/karosseriverken\/wp-json\/wp\/v2\/comments?post=3502"}],"version-history":[{"count":8,"href":"https:\/\/attentionmedia.se\/demo\/large\/karosseriverken\/wp-json\/wp\/v2\/pages\/3502\/revisions"}],"predecessor-version":[{"id":3893,"href":"https:\/\/attentionmedia.se\/demo\/large\/karosseriverken\/wp-json\/wp\/v2\/pages\/3502\/revisions\/3893"}],"wp:attachment":[{"href":"https:\/\/attentionmedia.se\/demo\/large\/karosseriverken\/wp-json\/wp\/v2\/media?parent=3502"}],"curies":[{"name":"wp","href":"https:\/\/api.w.org\/{rel}","templated":true}]}}