


{"id":1186,"date":"2015-06-05T10:10:14","date_gmt":"2015-06-05T10:10:14","guid":{"rendered":"https:\/\/attentiontester2.one\/?page_id=1186"},"modified":"2019-10-30T12:50:47","modified_gmt":"2019-10-30T11:50:47","slug":"test-2","status":"publish","type":"page","link":"https:\/\/attentionmedia.se\/demo\/large\/htryck\/","title":{"rendered":"Startsida"},"content":{"rendered":"<p>[vc_row full_width=&#8221;stretch_row&#8221; css=&#8221;.vc_custom_1549212026498{margin-top: 0px !important;margin-right: 0px !important;margin-bottom: 0px !important;margin-left: 0px !important;background-image: url(https:\/\/attentionmedia.se\/demo\/large\/htryck\/wp-content\/uploads\/2019\/02\/mb-photo-bild-31.jpg?id=4430) !important;background-position: center !important;background-repeat: no-repeat !important;background-size: cover !important;}&#8221;][vc_column width=&#8221;1\/4&#8243;][\/vc_column][vc_column width=&#8221;1\/2&#8243; css=&#8221;.vc_custom_1536243736864{padding-top: 50% !important;padding-bottom: 50% !important;}&#8221;][vc_column_text css=&#8221;.vc_custom_1538054582553{margin-bottom: 0px !important;padding-bottom: 10px !important;}&#8221; el_class=&#8221;index-intro-title&#8221;]<\/p>\n<h2 style=\"text-align: center; color: #fff; font-size: 40px;\">VI PRODUCERAR<\/h2>\n<p>[\/vc_column_text][vc_custom_heading text=&#8221;trycksaker&#8221; font_container=&#8221;tag:h1|font_size:94px|text_align:center|color:%23ffffff&#8221; use_theme_fonts=&#8221;yes&#8221; el_class=&#8221;index-intro-large-title&#8221;][\/vc_column][vc_column width=&#8221;1\/4&#8243;][vc_row_inner][vc_column_inner][vc_empty_space height=&#8221;80px&#8221;][\/vc_column_inner][\/vc_row_inner][\/vc_column][\/vc_row][vc_row full_width=&#8221;stretch_row_content_no_spaces&#8221; css=&#8221;.vc_custom_1523878392520{padding-top: 70px !important;padding-bottom: 80px !important;}&#8221;][vc_column width=&#8221;1\/4&#8243;][\/vc_column][vc_column width=&#8221;1\/2&#8243; css=&#8221;.vc_custom_1523876596655{padding-top: 0px !important;}&#8221;][vc_custom_heading text=&#8221;Om H-Tryck&#8221; font_container=&#8221;tag:h5|font_size:16px|text_align:center|color:%23999999&#8243; use_theme_fonts=&#8221;yes&#8221; cms_custom_headding=&#8221;cms-title-bottom-line style2&#8243; cms_custom_headding_text_style=&#8221;uppercase&#8221; cms_custom_headding_letter_spacing=&#8221;0.2em&#8221;][vc_custom_heading text=&#8221;Er underleverant\u00f6r med h\u00f6g serviceniv\u00e5<br \/>\noch sv\u00e5rslagna priser&#8221; font_container=&#8221;tag:h2|text_align:center&#8221; use_theme_fonts=&#8221;yes&#8221; cms_custom_headding_text_style=&#8221;initial&#8221; cms_custom_headding_letter_spacing=&#8221;-0px&#8221; css=&#8221;.vc_custom_1536240187376{margin-bottom: 5px !important;}&#8221;][vc_column_text]<\/p>\n<p style=\"text-align: center;\">I \u00f6ver 100 \u00e5r har vi gjort det vi \u00e4r b\u00e4st p\u00e5: snabba och punktliga tryckproduktioner \u2013 av absolut h\u00f6gsta klass.<br \/>\nHos oss sker all produktion under samma tak, av professionell personal.<br \/>\nD\u00e4rf\u00f6r kan vi alltid garantera h\u00f6gklassig tryckkvalitet, personlig service \u2013 och ett perfekt resultat.<\/p>\n<p>[\/vc_column_text][vc_btn title=&#8221;L\u00e4s mer&#8221; style=&#8221; btn-default-alt&#8221; size=&#8221; btn-xs btn-mini&#8221; align=&#8221;center&#8221; link=&#8221;url:https%3A%2F%2Fattentionmedia.se%2Fdemo%2Flarge%2Fhtryck%2Fhistoria%2F|||&#8221;][\/vc_column][vc_column width=&#8221;1\/4&#8243;][\/vc_column][\/vc_row][vc_row full_width=&#8221;stretch_row_content_no_spaces&#8221; equal_height=&#8221;yes&#8221; content_placement=&#8221;middle&#8221; css=&#8221;.vc_custom_1541011781083{margin-bottom: 0px !important;background-color: #eeeeee !important;}&#8221; el_class=&#8221;fix_for_ie&#8221;][vc_column width=&#8221;1\/3&#8243; css=&#8221;.vc_custom_1541012219801{padding-top: 15px !important;padding-right: 15% !important;padding-bottom: 15px !important;padding-left: 15% !important;background-color: #eeeeee !important;}&#8221;][vc_custom_heading text=&#8221;PERFEKTA L\u00d6SNINGAR&#8221; font_container=&#8221;tag:h5|font_size:16px|text_align:center|color:%23999999&#8243; use_theme_fonts=&#8221;yes&#8221; cms_custom_headding=&#8221;cms-title-bottom-line style2&#8243; cms_custom_headding_text_style=&#8221;uppercase&#8221; cms_custom_headding_letter_spacing=&#8221;0.2em&#8221;][vc_column_text]<\/p>\n<p style=\"text-align: center;\">Vi h\u00e5ller n\u00e4ra kontakt med er under hela produktionen<br \/>\noch arbetar aktivt f\u00f6r att hitta l\u00f6sningar som passar<br \/>\nperfekt f\u00f6r just er. Vi ser m\u00f6jligheter.<\/p>\n<p>[\/vc_column_text][vc_btn title=&#8221;Till produkter&#8221; style=&#8221; btn-default-alt&#8221; size=&#8221; btn-sm btn-small&#8221; align=&#8221;center&#8221; link=&#8221;url:https%3A%2F%2Fattentionmedia.se%2Fdemo%2Flarge%2Fhtryck%2Fmaskinpark%2F|||&#8221;][\/vc_column][vc_column width=&#8221;2\/3&#8243; css=&#8221;.vc_custom_1541011790444{margin-top: 0px !important;margin-right: 0px !important;margin-bottom: 0px !important;margin-left: 0px !important;padding-top: 0px !important;padding-right: 0px !important;padding-bottom: 0px !important;padding-left: 0px !important;background-position: center !important;background-repeat: no-repeat !important;background-size: cover !important;}&#8221;][vc_single_image image=&#8221;4408&#8243; img_size=&#8221;full&#8221; css=&#8221;.vc_custom_1541411871967{margin-bottom: 0px !important;padding-bottom: 0px !important;}&#8221;][\/vc_column][\/vc_row][vc_row parallax=&#8221;content-moving&#8221; parallax_speed_bg=&#8221;&#8221; overlay_bg=&#8221;rgba(238,238,238,0.9)&#8221; css=&#8221;.vc_custom_1523882638534{margin-top: 70px !important;margin-bottom: 70px !important;}&#8221;][vc_column css=&#8221;.vc_custom_1523878580140{margin-top: 0px !important;padding-top: 0px !important;}&#8221;][vc_custom_heading text=&#8221;Tj\u00e4nster&#8221; font_container=&#8221;tag:h2|text_align:center&#8221; use_theme_fonts=&#8221;yes&#8221; css_animation=&#8221;lightSpeedIn&#8221; cms_custom_headding_letter_spacing=&#8221;-0.04em&#8221; css=&#8221;.vc_custom_1524661676875{margin-bottom: 10px !important;}&#8221; el_class=&#8221;dethar&#8221;][vc_row_inner equal_height=&#8221;yes&#8221; el_class=&#8221;five-columns&#8221; css=&#8221;.vc_custom_1522756974131{padding-top: 40px !important;}&#8221;][vc_column_inner width=&#8221;1\/6&#8243;][cms_fancybox_single content_align=&#8221;center&#8221; icon_fontawesome=&#8221;fa fa-map&#8221; title_item=&#8221;Rulloffsett&#8221; button_link=&#8221;|||&#8221; cms_template=&#8221;cms_fancybox_single&#8211;process.php&#8221;][\/vc_column_inner][vc_column_inner width=&#8221;1\/6&#8243;][cms_fancybox_single icon_fontawesome=&#8221;fa fa-envelope&#8221; title_item=&#8221;Kuverttryck&#8221; button_link=&#8221;|||&#8221; cms_template=&#8221;cms_fancybox_single&#8211;process.php&#8221;][\/vc_column_inner][vc_column_inner width=&#8221;1\/6&#8243;][cms_fancybox_single icon_fontawesome=&#8221;fa fa-crosshairs&#8221; title_item=&#8221;Digitaltryck&#8221; button_link=&#8221;|||&#8221; cms_template=&#8221;cms_fancybox_single&#8211;process.php&#8221;][\/vc_column_inner][vc_column_inner width=&#8221;1\/6&#8243;][cms_fancybox_single icon_fontawesome=&#8221;fa fa-envelope-open&#8221; title_item=&#8221;Kuvertering&#8221; button_link=&#8221;|||&#8221; cms_template=&#8221;cms_fancybox_single&#8211;process.php&#8221;][\/vc_column_inner][vc_column_inner width=&#8221;1\/6&#8243;][cms_fancybox_single icon_fontawesome=&#8221;fa fa-file-image-o&#8221; title_item=&#8221;Prepress&#8221; button_link=&#8221;|||&#8221; cms_template=&#8221;cms_fancybox_single&#8211;process.php&#8221;][\/vc_column_inner][vc_column_inner width=&#8221;1\/6&#8243;][cms_fancybox_single icon_fontawesome=&#8221;fa fa-truck&#8221; title_item=&#8221;Distribution &amp; Leverans&#8221; button_link=&#8221;|||&#8221; cms_template=&#8221;cms_fancybox_single&#8211;process.php&#8221;][\/vc_column_inner][\/vc_row_inner][\/vc_column][\/vc_row][vc_row full_width=&#8221;stretch_row_content_no_spaces&#8221; equal_height=&#8221;yes&#8221; content_placement=&#8221;middle&#8221; el_class=&#8221;fix_for_ie&#8221; css=&#8221;.vc_custom_1541011624157{margin-bottom: 24px !important;padding-bottom: 0px !important;background-color: #eeeeee !important;}&#8221;][vc_column width=&#8221;2\/3&#8243; css=&#8221;.vc_custom_1538072771274{margin-bottom: 0px !important;padding-top: 0px !important;padding-right: 0px !important;padding-bottom: 0px !important;padding-left: 0px !important;background-color: #eeeeee !important;background-position: center !important;background-repeat: no-repeat !important;background-size: cover !important;}&#8221; el_class=&#8221;increase-the-image-height&#8221;][vc_single_image image=&#8221;4305&#8243; img_size=&#8221;full&#8221; css=&#8221;.vc_custom_1538072902696{margin-top: 0px !important;margin-bottom: 0px !important;padding-top: 0px !important;padding-bottom: 0px !important;}&#8221;][\/vc_column][vc_column width=&#8221;1\/3&#8243; css=&#8221;.vc_custom_1541012227446{padding-top: 15px !important;padding-right: 15% !important;padding-bottom: 15px !important;padding-left: 15% !important;background-color: #eeeeee !important;}&#8221;][vc_custom_heading text=&#8221;Snabba leveranser&#8221; font_container=&#8221;tag:h5|font_size:16px|text_align:center|color:%23999999&#8243; use_theme_fonts=&#8221;yes&#8221; cms_custom_headding=&#8221;cms-title-bottom-line style2&#8243; cms_custom_headding_text_style=&#8221;uppercase&#8221; cms_custom_headding_letter_spacing=&#8221;0.2em&#8221;][vc_column_text]<\/p>\n<p style=\"text-align: center;\">Tack vare v\u00e5rt optimerade produktionsfl\u00f6de erbjuder v\u00e5rt tryckeri minimala ledtider.\u00a0Detta i kombination med sv\u00e5rslagna priser g\u00f6r att det aldrig har varit l\u00e4ttare f\u00f6r dig som ink\u00f6pare att v\u00e4lja oss som leverant\u00f6r.<\/p>\n<p>[\/vc_column_text][vc_btn title=&#8221;Till produkter&#8221; style=&#8221; btn-default-alt&#8221; size=&#8221; btn-sm btn-small&#8221; align=&#8221;center&#8221; link=&#8221;url:https%3A%2F%2Fattentionmedia.se%2Fdemo%2Flarge%2Fhtryck%2Fmaskinpark%2F|||&#8221;][\/vc_column][\/vc_row][vc_row full_width=&#8221;stretch_row_content&#8221; css=&#8221;.vc_custom_1536256780824{margin-top: 70px !important;margin-bottom: 0px !important;padding-bottom: 0px !important;}&#8221;][vc_column css_animation=&#8221;none&#8221; width=&#8221;1\/4&#8243; css=&#8221;.vc_custom_1522759258703{background-color: rgba(255,255,255,0.97) !important;*background-color: rgb(255,255,255) !important;}&#8221;][\/vc_column][vc_column width=&#8221;1\/2&#8243;][vc_custom_heading text=&#8221;Milj\u00f6 &amp; kvalit\u00e9&#8221; font_container=&#8221;tag:h2|text_align:center&#8221; use_theme_fonts=&#8221;yes&#8221; cms_custom_headding_text_style=&#8221;initial&#8221; css=&#8221;.vc_custom_1524661633280{margin-bottom: 20px !important;}&#8221;][vc_column_text]<\/p>\n<p style=\"text-align: center;\">Tryckeriet \u00e4r b\u00e5de kvalitets- och milj\u00f6certifierat enligt ISO-standarder. Genom Svanenm\u00e4rkningen har vi bevisat att tryckeriet ocks\u00e5 uppfyller en rad milj\u00f6krav med tonvikt p\u00e5 tryckprocessen och det papper och kemikalier som anv\u00e4nds.<\/p>\n<p style=\"text-align: center;\">Vi \u00e4r stolta \u00f6ver v\u00e5rt bidrag till en b\u00e4ttre v\u00e4rld.<\/p>\n<p>[\/vc_column_text][\/vc_column][vc_column width=&#8221;1\/4&#8243;][\/vc_column][\/vc_row][vc_row css=&#8221;.vc_custom_1536244156611{margin-top: 0px !important;margin-bottom: 70px !important;padding-top: 0px !important;}&#8221;][vc_column css_animation=&#8221;none&#8221; css=&#8221;.vc_custom_1522759258703{background-color: rgba(255,255,255,0.97) !important;*background-color: rgb(255,255,255) !important;}&#8221;][vc_row_inner equal_height=&#8221;yes&#8221; css=&#8221;.vc_custom_1536244139733{margin-top: 0px !important;padding-top: 0px !important;background-color: rgba(255,255,255,0.65) !important;*background-color: rgb(255,255,255) !important;}&#8221;][vc_column_inner][vc_images_carousel images=&#8221;4086,4087,4088,4089,4177&#8243; img_size=&#8221;full&#8221; onclick=&#8221;link_no&#8221; slides_per_view=&#8221;5&#8243; hide_pagination_control=&#8221;yes&#8221; hide_prev_next_buttons=&#8221;yes&#8221;][\/vc_column_inner][\/vc_row_inner][\/vc_column][\/vc_row][vc_row full_width=&#8221;stretch_row_content_no_spaces&#8221; equal_height=&#8221;yes&#8221; content_placement=&#8221;middle&#8221; css=&#8221;.vc_custom_1541011483622{background-color: #eeeeee !important;}&#8221; el_class=&#8221;fix_for_ie last_fix&#8221;][vc_column width=&#8221;1\/3&#8243; css=&#8221;.vc_custom_1541012243147{padding-top: 15px !important;padding-right: 5% !important;padding-bottom: 15px !important;padding-left: 5% !important;background-color: #eeeeee !important;}&#8221;][vc_custom_heading text=&#8221;G\u00d6R DET DU SKA OCH G\u00d6R DET BRA&#8221; font_container=&#8221;tag:h5|font_size:16px|text_align:center|color:%23999999&#8243; use_theme_fonts=&#8221;yes&#8221; cms_custom_headding=&#8221;cms-title-bottom-line style2&#8243; cms_custom_headding_text_style=&#8221;uppercase&#8221; cms_custom_headding_letter_spacing=&#8221;0.2em&#8221;][vc_custom_heading text=&#8221;Du kan lita p\u00e5 oss&#8221; font_container=&#8221;tag:h4|font_size:40px|text_align:center|line_height:50px&#8221; use_theme_fonts=&#8221;yes&#8221; cms_custom_headding_text_style=&#8221;initial&#8221; css=&#8221;.vc_custom_1536932192020{margin-bottom: 10px !important;}&#8221;][vc_column_text]<\/p>\n<p style=\"text-align: center;\">H-Tryck grundades 1910 Av Karl Julius Hansson.<br \/>\nSamh\u00e4llet var Markaryd, en typisk sm\u00e5l\u00e4ndsk ort.<br \/>\nKarl Julius var \u00f6vertygad om en sak,<br \/>\n\u201dG\u00f6r det du ska och g\u00f6r det bra\u201d.<br \/>\nVi har fortsatt i samma anda och menar<br \/>\natt inga projekt \u00e4r f\u00f6r sv\u00e5ra och inga<br \/>\nproblem \u00e4r om\u00f6jliga att l\u00f6sa.<\/p>\n<p>[\/vc_column_text][vc_btn title=&#8221;L\u00e4s mer&#8221; style=&#8221; btn-default-alt&#8221; size=&#8221; btn-sm btn-small&#8221; align=&#8221;center&#8221; link=&#8221;url:https%3A%2F%2Fattentionmedia.se%2Fdemo%2Flarge%2Fhtryck%2Fkontakt%2F|||&#8221;][\/vc_column][vc_column width=&#8221;2\/3&#8243; css=&#8221;.vc_custom_1541011539879{padding-top: 0px !important;background-position: center !important;background-repeat: no-repeat !important;background-size: cover !important;}&#8221;][vc_single_image image=&#8221;4311&#8243; img_size=&#8221;full&#8221; css=&#8221;.vc_custom_1538651675983{margin-top: 0px !important;margin-bottom: 0px !important;margin-left: 0px !important;padding-top: 0px !important;padding-right: 0px !important;padding-bottom: 0px !important;padding-left: 0px !important;}&#8221;][\/vc_column][\/vc_row][vc_row full_width=&#8221;stretch_row_content&#8221; css=&#8221;.vc_custom_1530709625718{margin-top: 70px !important;margin-bottom: 24px !important;padding-top: 10% !important;padding-bottom: 5% !important;background-color: #eeeeee !important;background-position: center !important;background-repeat: no-repeat !important;background-size: cover !important;}&#8221;][vc_column width=&#8221;1\/6&#8243; offset=&#8221;vc_col-lg-offset-3 vc_col-lg-6 vc_col-md-offset-2 vc_col-md-8&#8243; css=&#8221;.vc_custom_1530709566247{margin-bottom: 70px !important;padding-right: 20px !important;padding-left: 20px !important;}&#8221;][vc_column_text]<\/p>\n<blockquote>\n<p style=\"text-align: center;\"><span style=\"font-size: 22pt; color: #222;\"><em>H-Tryck levererar alltid. Tidigare hade jag tre underleverant\u00f6rer &#8211; nu har jag bara en och kan slappna av i att allt levereras med h\u00f6g kvalitet och i r\u00e4tt tid.<\/em><\/span><\/p>\n<\/blockquote>\n<p>[\/vc_column_text][vc_column_text]<\/p>\n<p style=\"text-align: center;\"><span style=\"color: #999999;\"><em>Citat fr\u00e5n en n\u00f6jd kund<\/em><\/span><\/p>\n<p>[\/vc_column_text][\/vc_column][\/vc_row][vc_row equal_height=&#8221;yes&#8221; css=&#8221;.vc_custom_1522761144743{padding-top: 60px !important;padding-bottom: 60px !important;}&#8221;][vc_column css=&#8221;.vc_custom_1509613786292{padding-top: 0px !important;padding-right: 0px !important;padding-bottom: 20px !important;padding-left: 0px !important;background-color: #ffffff !important;}&#8221;][vc_row_inner][vc_column_inner width=&#8221;1\/3&#8243;][vc_single_image image=&#8221;4168&#8243; img_size=&#8221;large&#8221; alignment=&#8221;right&#8221; css=&#8221;.vc_custom_1536932246664{margin-top: 10px !important;margin-bottom: 0px !important;padding-top: 45px !important;padding-right: 45px !important;padding-bottom: 45px !important;padding-left: 45px !important;}&#8221; el_class=&#8221;logo_bottom&#8221;][\/vc_column_inner][vc_column_inner width=&#8221;1\/3&#8243; css=&#8221;.vc_custom_1440735076856{padding-top: 60px !important;padding-left: 30px !important;}&#8221;][vc_custom_heading text=&#8221;Kontaktuppgifter&#8221; font_container=&#8221;tag:h3|text_align:left&#8221; use_theme_fonts=&#8221;yes&#8221; cms_custom_headding=&#8221;cms-title-bottom-line&#8221;][cms_getintouch i_type=&#8221;pe7stroke&#8221; icon_pe7stroke=&#8221;pe-7s-call&#8221; icon_text=&#8221;0433 &#8211; 798 00&#8243;][cms_getintouch i_type=&#8221;pe7stroke&#8221; icon_pe7stroke=&#8221;pe-7s-mail-open-file&#8221; make_link=&#8221;true&#8221; icon_link=&#8221;url:mailto%3Ainfo%40h-tryck.se|title:info%40h-tryck.se||&#8221;][cms_getintouch i_type=&#8221;pe7stroke&#8221; icon_pe7stroke=&#8221;pe-7s-map-2&#8243; icon_text=&#8221;Skulpt\u00f6rv\u00e4gen 6, 285 35 Markaryd&#8221;][vc_empty_space][\/vc_column_inner][vc_column_inner width=&#8221;1\/3&#8243; css=&#8221;.vc_custom_1440735083975{padding-top: 60px !important;padding-left: 30px !important;}&#8221;][vc_custom_heading text=&#8221;\u00d6ppettider&#8221; font_container=&#8221;tag:h3|text_align:left&#8221; use_theme_fonts=&#8221;yes&#8221; cms_custom_headding=&#8221;cms-title-bottom-line&#8221;][cms_getintouch i_type=&#8221;pe7stroke&#8221; icon_pe7stroke=&#8221;pe-7s-clock&#8221; icon_text=&#8221;M\u00e5n \u2013 Fre: 8.00 \u2013 17.00&#8243;][cms_getintouch i_type=&#8221;pe7stroke&#8221; icon_pe7stroke=&#8221;pe-7s-clock&#8221; icon_text=&#8221;L\u00f6r \u2013 S\u00f6n: St\u00e4ngt&#8221;][vc_empty_space][\/vc_column_inner][\/vc_row_inner][\/vc_column][\/vc_row]<\/p>\n","protected":false},"excerpt":{"rendered":"<p>[vc_row full_width=&#8221;stretch_row&#8221; css=&#8221;.vc_custom_1549212026498{margin-top: 0px !important;margin-right: 0px !important;margin-bottom: 0px !important;margin-left: 0px !important;background-image: url(https:\/\/attentionmedia.se\/demo\/large\/htryck\/wp-content\/uploads\/2019\/02\/mb-photo-bild-31.jpg?id=4430) !important;background-position: center !important;background-repeat: no-repeat !important;background-size: cover !important;}&#8221;][vc_column width=&#8221;1\/4&#8243;][\/vc_column][vc_column width=&#8221;1\/2&#8243; css=&#8221;.vc_custom_1536243736864{padding-top: 50% !important;padding-bottom: 50% !important;}&#8221;][vc_column_text css=&#8221;.vc_custom_1538054582553{margin-bottom: 0px !important;padding-bottom: 10px !important;}&#8221; el_class=&#8221;index-intro-title&#8221;] VI PRODUCERAR [\/vc_column_text][vc_custom_heading text=&#8221;trycksaker&#8221; font_container=&#8221;tag:h1|font_size:94px|text_align:center|color:%23ffffff&#8221; use_theme_fonts=&#8221;yes&#8221; el_class=&#8221;index-intro-large-title&#8221;][\/vc_column][vc_column width=&#8221;1\/4&#8243;][vc_row_inner][vc_column_inner][vc_empty_space height=&#8221;80px&#8221;][\/vc_column_inner][\/vc_row_inner][\/vc_column][\/vc_row][vc_row full_width=&#8221;stretch_row_content_no_spaces&#8221; css=&#8221;.vc_custom_1523878392520{padding-top: 70px !important;padding-bottom: 80px !important;}&#8221;][vc_column width=&#8221;1\/4&#8243;][\/vc_column][vc_column width=&#8221;1\/2&#8243; css=&#8221;.vc_custom_1523876596655{padding-top: 0px !important;}&#8221;][vc_custom_heading text=&#8221;Om H-Tryck&#8221; font_container=&#8221;tag:h5|font_size:16px|text_align:center|color:%23999999&#8243; [&hellip;]<\/p>\n","protected":false},"author":4,"featured_media":0,"parent":0,"menu_order":0,"comment_status":"closed","ping_status":"open","template":"","meta":[],"_links":{"self":[{"href":"https:\/\/attentionmedia.se\/demo\/large\/htryck\/wp-json\/wp\/v2\/pages\/1186"}],"collection":[{"href":"https:\/\/attentionmedia.se\/demo\/large\/htryck\/wp-json\/wp\/v2\/pages"}],"about":[{"href":"https:\/\/attentionmedia.se\/demo\/large\/htryck\/wp-json\/wp\/v2\/types\/page"}],"author":[{"embeddable":true,"href":"https:\/\/attentionmedia.se\/demo\/large\/htryck\/wp-json\/wp\/v2\/users\/4"}],"replies":[{"embeddable":true,"href":"https:\/\/attentionmedia.se\/demo\/large\/htryck\/wp-json\/wp\/v2\/comments?post=1186"}],"version-history":[{"count":407,"href":"https:\/\/attentionmedia.se\/demo\/large\/htryck\/wp-json\/wp\/v2\/pages\/1186\/revisions"}],"predecessor-version":[{"id":4444,"href":"https:\/\/attentionmedia.se\/demo\/large\/htryck\/wp-json\/wp\/v2\/pages\/1186\/revisions\/4444"}],"wp:attachment":[{"href":"https:\/\/attentionmedia.se\/demo\/large\/htryck\/wp-json\/wp\/v2\/media?parent=1186"}],"curies":[{"name":"wp","href":"https:\/\/api.w.org\/{rel}","templated":true}]}}